{"id":1049,"date":"2019-10-17T14:19:23","date_gmt":"2019-10-17T14:19:23","guid":{"rendered":"https:\/\/wanderland.qodeinteractive.com\/?page_id=1049"},"modified":"2021-08-22T21:19:14","modified_gmt":"2021-08-23T02:19:14","slug":"inicio-del-nido","status":"publish","type":"page","link":"https:\/\/pajareando.co\/index.php\/inicio-del-nido\/","title":{"rendered":"Inicio del Nido"},"content":{"rendered":"<p>[vc_row row_content_width=&#8221;grid&#8221; css=&#8221;.vc_custom_1574948316589{padding-top: 84px !important;padding-bottom: 103px !important;background-position: center !important;background-repeat: no-repeat !important;background-size: cover !important;}&#8221;][vc_column offset=&#8221;vc_col-lg-offset-1 vc_col-lg-10&#8243;]<div class=\"mkdf-elements-holder   mkdf-two-columns  mkdf-responsive-mode-1024 \" ><div class=\"mkdf-eh-item    \"  data-item-class=\"mkdf-eh-custom-4818\" data-769-1024=\"0 17% 0 0\" data-681-768=\"0 4% 0 0\">\n\t<div class=\"mkdf-eh-item-inner\">\n\t\t<div class=\"mkdf-eh-item-content mkdf-eh-custom-4818\" >\n\t\t\t<div class=\"mkdf-section-title-holder  \" style=\"text-align: left\">\n\t<div class=\"mkdf-st-inner\">\n\t\t\t\t\t\t\t<h3 class=\"mkdf-st-title\" >\n                            As\u00ed Iniciamos            \t\t\t<\/h3>\n\t\t\t\t\t\t\t<p class=\"mkdf-st-text \" style=\"font-size: 18px;line-height: 26px\">\n            \t            Hay historias y comienzos \u00fanicos, solo se necesita un peque\u00f1o interrogante y las ganas de cambiar las cosas, as\u00ed inici\u00f3 este proyecto en el encantador municipio de Arboledas. Wilson Ortega nuestro experto en turismo se pregunt\u00f3 cu\u00e1l ser\u00eda el nombre de aquel colibr\u00ed que tanto le llam\u00f3 la atenci\u00f3n y al consultar en internet sobre las aves descubri\u00f3 un mundo m\u00e1gico, pero al mismo tiempo abrumador porque para identificar un ave con certeza, es necesario acudir a un experto o a un gu\u00eda especializado en avistamiento de aves.            \t\t\t<\/p>\n\t\t\t\t\t\t\t<div class=\"mkdf-st-button\"><a itemprop=\"url\" href=\"https:\/\/pajareando.co\/index.php\/asi-iniciamos\/\" target=\"_self\"  class=\"mkdf-btn mkdf-btn-medium mkdf-btn-solid mkdf-btn-svg-icon\"  >    <span class=\"mkdf-btn-text\">Leer M\u00e1s<\/span>\t\t\t<svg version=\"1.1\" id=\"Layer_1\" xmlns=\"http:\/\/www.w3.org\/2000\/svg\" xmlns:xlink=\"http:\/\/www.w3.org\/1999\/xlink\" x=\"0px\" y=\"0px\"\t\t     viewBox=\"0 0 17 17\" style=\"enable-background:new 0 0 17 17;\" xml:space=\"preserve\">\t\t\t<g>\t\t\t\t<path d=\"M15,1.9\"\/>\t\t\t\t<line x1=\"1.7\" y1=\"15.3\" x2=\"15\" y2=\"1.9\"\/>\t\t\t\t<line x1=\"16\" y1=\"1.9\" x2=\"15\" y2=\"1.9\"\/>\t\t\t\t<line x1=\"15\" y1=\"1.9\" x2=\"1\" y2=\"1.9\"\/>\t\t\t\t<path d=\"M15,1.9\"\/>\t\t\t\t<line x1=\"15\" y1=\"16\" x2=\"15\" y2=\"1.9\"\/>\t\t\t<\/g><\/svg>\t\t<svg version=\"1.1\" id=\"Layer_1\" xmlns=\"http:\/\/www.w3.org\/2000\/svg\" xmlns:xlink=\"http:\/\/www.w3.org\/1999\/xlink\" x=\"0px\" y=\"0px\"\t\t     viewBox=\"0 0 17 17\" style=\"enable-background:new 0 0 17 17;\" xml:space=\"preserve\">\t\t\t<g>\t\t\t\t<path d=\"M15,1.9\"\/>\t\t\t\t<line x1=\"1.7\" y1=\"15.3\" x2=\"15\" y2=\"1.9\"\/>\t\t\t\t<line  x1=\"16\" y1=\"1.9\" x2=\"15\" y2=\"1.9\"\/>\t\t\t\t<line x1=\"15\" y1=\"1.9\" x2=\"1\" y2=\"1.9\"\/>\t\t\t\t<path d=\"M15,1.9\"\/>\t\t\t\t<line x1=\"15\" y1=\"16\" x2=\"15\" y2=\"1.9\"\/>\t\t\t<\/g><\/svg>\t<\/a><\/div>\n\t\t\t<\/div>\n<\/div>\t\t<\/div>\n\t<\/div>\n<\/div><div class=\"mkdf-eh-item    \"  data-item-class=\"mkdf-eh-custom-9943\" data-769-1024=\"68px 15% 0 15%\" data-681-768=\"68px 0 0 0\" data-680=\"68px 0 0 0\">\n\t<div class=\"mkdf-eh-item-inner\">\n\t\t<div class=\"mkdf-eh-item-content mkdf-eh-custom-9943\" style=\"padding: 0 0 0 0\">\n\t\t\t<div class=\"mkdf-single-image-holder   \">\n    <div class=\"mkdf-si-inner\" >\n                                    <img loading=\"lazy\" decoding=\"async\" width=\"2560\" height=\"2560\" src=\"https:\/\/pajareando.co\/wp-content\/uploads\/2021\/07\/inicio-del-nido-1-scaled.jpg\" class=\"attachment-full size-full\" alt=\"\" srcset=\"https:\/\/pajareando.co\/wp-content\/uploads\/2021\/07\/inicio-del-nido-1-scaled.jpg 2560w, https:\/\/pajareando.co\/wp-content\/uploads\/2021\/07\/inicio-del-nido-1-300x300.jpg 300w, https:\/\/pajareando.co\/wp-content\/uploads\/2021\/07\/inicio-del-nido-1-1024x1024.jpg 1024w, https:\/\/pajareando.co\/wp-content\/uploads\/2021\/07\/inicio-del-nido-1-150x150.jpg 150w, https:\/\/pajareando.co\/wp-content\/uploads\/2021\/07\/inicio-del-nido-1-768x768.jpg 768w, https:\/\/pajareando.co\/wp-content\/uploads\/2021\/07\/inicio-del-nido-1-1536x1536.jpg 1536w, https:\/\/pajareando.co\/wp-content\/uploads\/2021\/07\/inicio-del-nido-1-650x650.jpg 650w, https:\/\/pajareando.co\/wp-content\/uploads\/2021\/07\/inicio-del-nido-1-1300x1300.jpg 1300w, https:\/\/pajareando.co\/wp-content\/uploads\/2021\/07\/inicio-del-nido-1-600x600.jpg 600w, https:\/\/pajareando.co\/wp-content\/uploads\/2021\/07\/inicio-del-nido-1-100x100.jpg 100w\" sizes=\"auto, (max-width: 2560px) 100vw, 2560px\" \/>                        <\/div>\n<\/div>\t\t<\/div>\n\t<\/div>\n<\/div><\/div>[\/vc_column][\/vc_row][vc_row row_content_width=&#8221;grid&#8221;][vc_column offset=&#8221;vc_col-lg-offset-1 vc_col-lg-10&#8243;]<div class=\"mkdf-section-title-holder   mkdf-st-highlight mkdf-center-align\" style=\"text-align: center\">\n\t<div class=\"mkdf-st-inner\">\n\t\t\t\t\t\t\t<h3 class=\"mkdf-st-title\" >\n                            Nuestros Aliados            \t\t\t<\/h3>\n\t\t\t\t\t\t\t<\/div>\n<\/div>[vc_empty_space height=&#8221;35px&#8221;]<div class=\"mkdf-clients-grid-holder mkdf-grid-list mkdf-disable-bottom-space mkdf-four-columns mkdf-huge-space  mkdf-cc-hover-switch-images\">\n\t<div class=\"mkdf-cg-inner mkdf-outer-space\">\n\t\t<div class=\"mkdf-cc-item mkdf-item-space mkdf-cci-has-link\">\n\t\t\t<a itemprop=\"url\" class=\"mkdf-cc-link mkdf-block-drag-link\" href=\"https:\/\/pajareando.co\/index.php\/servicio-nacional-de-aprendizaje-sena\/\" target=\"_self\">\n\t\t\t\t\t\t<img decoding=\"async\" itemprop=\"image\" class=\"mkdf-cc-image\" src=\"https:\/\/pajareando.co\/wp-content\/uploads\/2021\/07\/sena.jpg\" alt=\"\" \/>\n\t\t\t\t\t\t\t<img decoding=\"async\" itemprop=\"image\" class=\"mkdf-cc-hover-image\" src=\"https:\/\/pajareando.co\/wp-content\/uploads\/2021\/07\/sena.jpg\" alt=\"\" \/>\n\t\t\t\t\t<\/a>\n\t<\/div><div class=\"mkdf-cc-item mkdf-item-space mkdf-cci-has-link\">\n\t\t\t<a itemprop=\"url\" class=\"mkdf-cc-link mkdf-block-drag-link\" href=\"https:\/\/pajareando.co\/index.php\/viajes-jumbo\/\" target=\"_self\">\n\t\t\t\t\t\t<img decoding=\"async\" itemprop=\"image\" class=\"mkdf-cc-image\" src=\"https:\/\/pajareando.co\/wp-content\/uploads\/2021\/07\/jumbo.png\" alt=\"\" \/>\n\t\t\t\t\t\t\t<img decoding=\"async\" itemprop=\"image\" class=\"mkdf-cc-hover-image\" src=\"https:\/\/pajareando.co\/wp-content\/uploads\/2021\/07\/jumbo.png\" alt=\"\" \/>\n\t\t\t\t\t<\/a>\n\t<\/div><div class=\"mkdf-cc-item mkdf-item-space mkdf-cci-has-link\">\n\t\t\t<a itemprop=\"url\" class=\"mkdf-cc-link mkdf-block-drag-link\" href=\"https:\/\/pajareando.co\/index.php\/alcaldia-de-arboledas\/\" target=\"_self\">\n\t\t\t\t\t\t<img decoding=\"async\" itemprop=\"image\" class=\"mkdf-cc-image\" src=\"https:\/\/pajareando.co\/wp-content\/uploads\/2021\/07\/arboledas.jpg\" alt=\"\" \/>\n\t\t\t\t\t\t\t<img decoding=\"async\" itemprop=\"image\" class=\"mkdf-cc-hover-image\" src=\"https:\/\/pajareando.co\/wp-content\/uploads\/2021\/07\/arboledas.jpg\" alt=\"\" \/>\n\t\t\t\t\t<\/a>\n\t<\/div><div class=\"mkdf-cc-item mkdf-item-space mkdf-cci-has-link\">\n\t\t\t<a itemprop=\"url\" class=\"mkdf-cc-link mkdf-block-drag-link\" href=\"https:\/\/pajareando.co\/index.php\/fundacion-de-estudios-superiores-comfanorte-fesc\/\" target=\"_self\">\n\t\t\t\t\t\t<img decoding=\"async\" itemprop=\"image\" class=\"mkdf-cc-image\" src=\"https:\/\/pajareando.co\/wp-content\/uploads\/2021\/07\/fesc.png\" alt=\"\" \/>\n\t\t\t\t\t\t\t<img decoding=\"async\" itemprop=\"image\" class=\"mkdf-cc-hover-image\" src=\"https:\/\/pajareando.co\/wp-content\/uploads\/2021\/07\/fesc.png\" alt=\"\" \/>\n\t\t\t\t\t<\/a>\n\t<\/div>\t<\/div>\n<\/div>[\/vc_column][\/vc_row][vc_row row_content_width=&#8221;grid&#8221; css=&#8221;.vc_custom_1571323481341{padding-top: 87px !important;padding-bottom: 100px !important;}&#8221;][vc_column][vc_row_inner css=&#8221;.vc_custom_1570700129600{padding-bottom: 50px !important;}&#8221;][vc_column_inner offset=&#8221;vc_col-lg-offset-3 vc_col-lg-6 vc_col-md-offset-1 vc_col-md-10 vc_col-sm-offset-0&#8243;]<div class=\"mkdf-section-title-holder   mkdf-st-highlight mkdf-center-align\" style=\"text-align: center\">\n\t<div class=\"mkdf-st-inner\">\n\t\t\t\t\t\t\t<h2 class=\"mkdf-st-title\" >\n                            As\u00ed somos en <span class=\"mkdf-st-highlight-title-holder\" style=\"color: #ffffff\">\n                                                        <span class=\"mkdf-st-highlight-title\" style=\"color: #59815b\">#Pajareando.co<\/span>\n                                                        <span class=\"mkdf-st-highlight\">\n                                                        <svg version=\"1.1\" xmlns=\"http:\/\/www.w3.org\/2000\/svg\" xmlns:xlink=\"http:\/\/www.w3.org\/1999\/xlink\" x=\"0px\" y=\"0px\" viewBox=\"0 0 15.7 30\" style=\"enable-background:new 0 0 15.7 30;\" xml:space=\"preserve\" class=\"mkdf-active-hover-left\"><polygon class=\"st0\" points=\"2.6,1 0.7,3.3 2,5.8 2.3,7.6 2.9,8.7 4.4,10.5 3.9,10.8 4.4,11.9 4.4,12.8 4.1,13.8 3.3,14.7 3.9,15.8 4.4,16.8 4,17.5 3.5,18.1 2.2,20.2 3.4,21.5 4.2,24.1 3.4,25.4 2.5,27.4 2.5,27.8 3.2,28.3 4.1,28.5 4.9,29 14.8,29 14.8,1 \"\/><\/svg>\n                                                        <span class=\"mkdf-active-hover-middle\"><\/span>\n                                                        <svg version=\"1.1\" xmlns=\"http:\/\/www.w3.org\/2000\/svg\" xmlns:xlink=\"http:\/\/www.w3.org\/1999\/xlink\" x=\"0px\" y=\"0px\" viewBox=\"0 0 13.3 30\" style=\"enable-background:new 0 0 13.3 30;\" xml:space=\"preserve\" class=\"mkdf-active-hover-right\"><polygon class=\"st0\" points=\"10,1 10.2,2.1 10.6,2.9 10.6,3.3 10.8,3.7 10.8,4.3 11,5 11,5.7 11,6.3 10.5,6.7 10.8,7.3 11,7.8 \t11.6,8.3 11.6,8.6 11.5,8.9 11.6,9.9 11.6,10.5 12.4,11.6 12.1,12 12.4,12.2 11.8,12.8 11.4,13.5 11.6,13.7 11.9,13.7 12,13.9 11.5,15.1 10.8,16 9.1,17.7 9.7,18.2 9.3,19 9.7,19.8 9.6,20.6 9.7,21.5 9.6,21.9 9.6,22.3 10.1,22.8 9.6,23.6 9.7,24 9.7,24.2 9.9,24.4 9.5,24.7 9.3,25.4 9.3,25.9 8.8,26.2 8.5,27.1 8.8,27.8 9.4,28.6 7.8,29 0.9,29 0.9,1 \"\/><\/svg>\n                                                        <\/span>\n                                                    <\/span>            \t\t\t<\/h2>\n\t\t\t\t\t\t\t<\/div>\n<\/div>[\/vc_column_inner][\/vc_row_inner][\/vc_column][\/vc_row]<\/p>\n","protected":false},"excerpt":{"rendered":"<p>[vc_row row_content_width=&#8221;grid&#8221; css=&#8221;.vc_custom_1574948316589{padding-top: 84px !important;padding-bottom: 103px !important;background-position: center !important;background-repeat: no-repeat !important;background-size: cover !important;}&#8221;][vc_column offset=&#8221;vc_col-lg-offset-1 vc_col-lg-10&#8243;][\/vc_column][\/vc_row][vc_row row_content_width=&#8221;grid&#8221;][vc_column offset=&#8221;vc_col-lg-offset-1 vc_col-lg-10&#8243;][vc_empty_space height=&#8221;35px&#8221;][\/vc_column][\/vc_row][vc_row row_content_width=&#8221;grid&#8221; css=&#8221;.vc_custom_1571323481341{padding-top: 87px !important;padding-bottom: 100px !important;}&#8221;][vc_column][vc_row_inner css=&#8221;.vc_custom_1570700129600{padding-bottom: 50px !important;}&#8221;][vc_column_inner offset=&#8221;vc_col-lg-offset-3 vc_col-lg-6 vc_col-md-offset-1 vc_col-md-10 vc_col-sm-offset-0&#8243;][\/vc_column_inner][\/vc_row_inner][\/vc_column][\/vc_row]<\/p>\n","protected":false},"author":1,"featured_media":0,"parent":0,"menu_order":0,"comment_status":"closed","ping_status":"closed","template":"full-width.php","meta":{"_monsterinsights_skip_tracking":false,"_monsterinsights_sitenote_active":false,"_monsterinsights_sitenote_note":"","_monsterinsights_sitenote_category":0,"footnotes":""},"categories":[],"tags":[],"class_list":["post-1049","page","type-page","status-publish","hentry"],"aioseo_notices":[],"_links":{"self":[{"href":"https:\/\/pajareando.co\/index.php\/wp-json\/wp\/v2\/pages\/1049","targetHints":{"allow":["GET"]}}],"collection":[{"href":"https:\/\/pajareando.co\/index.php\/wp-json\/wp\/v2\/pages"}],"about":[{"href":"https:\/\/pajareando.co\/index.php\/wp-json\/wp\/v2\/types\/page"}],"author":[{"embeddable":true,"href":"https:\/\/pajareando.co\/index.php\/wp-json\/wp\/v2\/users\/1"}],"replies":[{"embeddable":true,"href":"https:\/\/pajareando.co\/index.php\/wp-json\/wp\/v2\/comments?post=1049"}],"version-history":[{"count":15,"href":"https:\/\/pajareando.co\/index.php\/wp-json\/wp\/v2\/pages\/1049\/revisions"}],"predecessor-version":[{"id":4791,"href":"https:\/\/pajareando.co\/index.php\/wp-json\/wp\/v2\/pages\/1049\/revisions\/4791"}],"wp:attachment":[{"href":"https:\/\/pajareando.co\/index.php\/wp-json\/wp\/v2\/media?parent=1049"}],"wp:term":[{"taxonomy":"category","embeddable":true,"href":"https:\/\/pajareando.co\/index.php\/wp-json\/wp\/v2\/categories?post=1049"},{"taxonomy":"post_tag","embeddable":true,"href":"https:\/\/pajareando.co\/index.php\/wp-json\/wp\/v2\/tags?post=1049"}],"curies":[{"name":"wp","href":"https:\/\/api.w.org\/{rel}","templated":true}]}}