{"id":1182,"date":"2019-10-18T12:17:13","date_gmt":"2019-10-18T12:17:13","guid":{"rendered":"https:\/\/wanderland.qodeinteractive.com\/?page_id=1182"},"modified":"2022-08-24T16:24:19","modified_gmt":"2022-08-24T21:24:19","slug":"get-in-touch","status":"publish","type":"page","link":"https:\/\/pajareando.co\/index.php\/get-in-touch\/","title":{"rendered":"Cont\u00e1ctenos"},"content":{"rendered":"<p>[vc_row row_content_width=&#8221;grid&#8221; css=&#8221;.vc_custom_1572277318048{padding-top: 80px !important;background-position: center !important;background-repeat: no-repeat !important;background-size: cover !important;}&#8221;][vc_column]<div class=\"mkdf-elements-holder   mkdf-two-columns  mkdf-responsive-mode-1024 \" ><div class=\"mkdf-eh-item  mkdf-vertical-alignment-top  \"  data-item-class=\"mkdf-eh-custom-1737\" data-1400-1600=\"6px 0 0 0\" data-1025-1399=\"6px 0 0 0\" data-769-1024=\"0 0 58px 0\" data-681-768=\"0 0 58px 0\" data-680=\"0 0 58px 0\">\n\t<div class=\"mkdf-eh-item-inner\">\n\t\t<div class=\"mkdf-eh-item-content mkdf-eh-custom-1737\" style=\"padding: 6px 0 0 0\">\n\t\t\t<div class=\"mkdf-single-image-holder   \">\n    <div class=\"mkdf-si-inner\" >\n                                    <img loading=\"lazy\" decoding=\"async\" width=\"2709\" height=\"1563\" src=\"https:\/\/pajareando.co\/wp-content\/uploads\/2021\/07\/opcion-3-contactenos_Mesa-de-trabajo-1.png\" class=\"attachment-full size-full\" alt=\"\" srcset=\"https:\/\/pajareando.co\/wp-content\/uploads\/2021\/07\/opcion-3-contactenos_Mesa-de-trabajo-1.png 2709w, https:\/\/pajareando.co\/wp-content\/uploads\/2021\/07\/opcion-3-contactenos_Mesa-de-trabajo-1-300x173.png 300w, https:\/\/pajareando.co\/wp-content\/uploads\/2021\/07\/opcion-3-contactenos_Mesa-de-trabajo-1-1024x591.png 1024w, https:\/\/pajareando.co\/wp-content\/uploads\/2021\/07\/opcion-3-contactenos_Mesa-de-trabajo-1-768x443.png 768w, https:\/\/pajareando.co\/wp-content\/uploads\/2021\/07\/opcion-3-contactenos_Mesa-de-trabajo-1-1536x886.png 1536w, https:\/\/pajareando.co\/wp-content\/uploads\/2021\/07\/opcion-3-contactenos_Mesa-de-trabajo-1-87x50.png 87w, https:\/\/pajareando.co\/wp-content\/uploads\/2021\/07\/opcion-3-contactenos_Mesa-de-trabajo-1-600x346.png 600w\" sizes=\"auto, (max-width: 2709px) 100vw, 2709px\" \/>                        <\/div>\n<\/div>\t\t<\/div>\n\t<\/div>\n<\/div><div class=\"mkdf-eh-item    \"  data-item-class=\"mkdf-eh-custom-4032\" data-769-1024=\"0 17% 10px 0\" data-681-768=\"0 0 15px 0\" data-680=\"0 0 20px 0\">\n\t<div class=\"mkdf-eh-item-inner\">\n\t\t<div class=\"mkdf-eh-item-content mkdf-eh-custom-4032\" style=\"padding: 0 0 0 48px\">\n\t\t\t<div class=\"mkdf-section-title-holder   mkdf-st-highlight\" style=\"text-align: left\">\n\t<div class=\"mkdf-st-inner\">\n\t\t\t\t\t\t\t<h3 class=\"mkdf-st-title\" >\n                            Pajarea con nosotros            \t\t\t<\/h3>\n\t\t\t\t\t\t\t<\/div>\n<\/div>[vc_column_text]<b>Descubre las aves de Norte de Santander a trav\u00e9s de rutas en diversos Municipios de la mano de una Empresa de tradici\u00f3n y con un gu\u00eda profesional, con 12 a\u00f1os de experiencia con las aves de nuestro Departamento.<\/b><\/p>\n<p><strong>Mayor informaci\u00f3n<\/strong>[\/vc_column_text][vc_empty_space height=&#8221;27px&#8221;]<div role=\"form\" class=\"wpcf7\" id=\"wpcf7-f1433-o1\" lang=\"en-US\" dir=\"ltr\">\n<div class=\"screen-reader-response\"><p role=\"status\" aria-live=\"polite\" aria-atomic=\"true\"><\/p> <ul><\/ul><\/div>\n<form action=\"\/index.php\/wp-json\/wp\/v2\/pages\/1182#wpcf7-f1433-o1\" method=\"post\" class=\"wpcf7-form init cf7_custom_style_1\" novalidate=\"novalidate\" data-status=\"init\">\n<div style=\"display: none;\">\n<input type=\"hidden\" name=\"_wpcf7\" value=\"1433\" \/>\n<input type=\"hidden\" name=\"_wpcf7_version\" value=\"5.6.2\" \/>\n<input type=\"hidden\" name=\"_wpcf7_locale\" value=\"en_US\" \/>\n<input type=\"hidden\" name=\"_wpcf7_unit_tag\" value=\"wpcf7-f1433-o1\" \/>\n<input type=\"hidden\" name=\"_wpcf7_container_post\" value=\"0\" \/>\n<input type=\"hidden\" name=\"_wpcf7_posted_data_hash\" value=\"\" \/>\n<\/div>\n<div class=\"contact-us\"><span class=\"wpcf7-form-control-wrap\" data-name=\"your-message\"><textarea name=\"your-message\" cols=\"40\" rows=\"4\" class=\"wpcf7-form-control wpcf7-textarea\" aria-invalid=\"false\" placeholder=\"Tu comentario\"><\/textarea><\/span><span class=\"wpcf7-form-control-wrap\" data-name=\"your-name\"><input type=\"text\" name=\"your-name\" value=\"\" size=\"40\" class=\"wpcf7-form-control wpcf7-text wpcf7-validates-as-required\" aria-required=\"true\" aria-invalid=\"false\" placeholder=\"Tu nombre\" \/><\/span><span class=\"wpcf7-form-control-wrap\" data-name=\"your-email\"><input type=\"email\" name=\"your-email\" value=\"\" size=\"40\" class=\"wpcf7-form-control wpcf7-text wpcf7-email wpcf7-validates-as-required wpcf7-validates-as-email\" aria-required=\"true\" aria-invalid=\"false\" placeholder=\"Tu Correo Electr\u00f3nico\" \/><\/span><button type=\"submit\" class=\"wpcf7-form-control wpcf7-submit mkdf-btn mkdf-btn-medium mkdf-btn-solid\"><span class=\"mkdf-btn-text\">Enviar Mensaje<\/span><\/button><\/div>\n<p style=\"display: none !important;\" class=\"akismet-fields-container\" data-prefix=\"_wpcf7_ak_\"><label>&#916;<textarea name=\"_wpcf7_ak_hp_textarea\" cols=\"45\" rows=\"8\" maxlength=\"100\"><\/textarea><\/label><input type=\"hidden\" id=\"ak_js_1\" name=\"_wpcf7_ak_js\" value=\"194\"\/><script>document.getElementById( \"ak_js_1\" ).setAttribute( \"value\", ( new Date() ).getTime() );<\/script><\/p><div class=\"wpcf7-response-output\" aria-hidden=\"true\"><\/div><\/form><\/div>\t\t<\/div>\n\t<\/div>\n<\/div><\/div>[vc_empty_space height=&#8221;80px&#8221;][\/vc_column][\/vc_row]<\/p>\n","protected":false},"excerpt":{"rendered":"<p>[vc_row row_content_width=&#8221;grid&#8221; css=&#8221;.vc_custom_1572277318048{padding-top: 80px !important;background-position: center !important;background-repeat: no-repeat !important;background-size: cover !important;}&#8221;][vc_column][vc_empty_space height=&#8221;80px&#8221;][\/vc_column][\/vc_row]<\/p>\n","protected":false},"author":1,"featured_media":0,"parent":0,"menu_order":0,"comment_status":"closed","ping_status":"closed","template":"full-width.php","meta":{"_monsterinsights_skip_tracking":false,"_monsterinsights_sitenote_active":false,"_monsterinsights_sitenote_note":"","_monsterinsights_sitenote_category":0,"footnotes":""},"categories":[],"tags":[],"class_list":["post-1182","page","type-page","status-publish","hentry"],"aioseo_notices":[],"_links":{"self":[{"href":"https:\/\/pajareando.co\/index.php\/wp-json\/wp\/v2\/pages\/1182","targetHints":{"allow":["GET"]}}],"collection":[{"href":"https:\/\/pajareando.co\/index.php\/wp-json\/wp\/v2\/pages"}],"about":[{"href":"https:\/\/pajareando.co\/index.php\/wp-json\/wp\/v2\/types\/page"}],"author":[{"embeddable":true,"href":"https:\/\/pajareando.co\/index.php\/wp-json\/wp\/v2\/users\/1"}],"replies":[{"embeddable":true,"href":"https:\/\/pajareando.co\/index.php\/wp-json\/wp\/v2\/comments?post=1182"}],"version-history":[{"count":12,"href":"https:\/\/pajareando.co\/index.php\/wp-json\/wp\/v2\/pages\/1182\/revisions"}],"predecessor-version":[{"id":5642,"href":"https:\/\/pajareando.co\/index.php\/wp-json\/wp\/v2\/pages\/1182\/revisions\/5642"}],"wp:attachment":[{"href":"https:\/\/pajareando.co\/index.php\/wp-json\/wp\/v2\/media?parent=1182"}],"wp:term":[{"taxonomy":"category","embeddable":true,"href":"https:\/\/pajareando.co\/index.php\/wp-json\/wp\/v2\/categories?post=1182"},{"taxonomy":"post_tag","embeddable":true,"href":"https:\/\/pajareando.co\/index.php\/wp-json\/wp\/v2\/tags?post=1182"}],"curies":[{"name":"wp","href":"https:\/\/api.w.org\/{rel}","templated":true}]}}