{"id":14,"date":"2021-06-16T14:02:23","date_gmt":"2021-03-09T09:03:37","guid":{"rendered":"http:\/\/pajareando.co\/index.php\/about-us\/"},"modified":"2022-06-24T10:02:46","modified_gmt":"2022-06-24T15:02:46","slug":"about-us","status":"publish","type":"page","link":"https:\/\/pajareando.co\/index.php\/about-us\/","title":{"rendered":"CONSERVACI\u00d3N"},"content":{"rendered":"\n<p>La Conservaci\u00f3n es una \u00e9tica del uso de los recursos, as\u00ed como su asignaci\u00f3n y protecci\u00f3n. Su principal objetivo es mantener la salud del Medio ambiente,<\/p>\n\n\n\n<div class=\"wp-block-columns has-gray-background-color has-background is-layout-flex wp-container-core-columns-is-layout-9d6595d7 wp-block-columns-is-layout-flex\"><\/div>\n\n\n\n<blockquote class=\"wp-block-quote is-style-large is-layout-flow wp-block-quote-is-layout-flow\" id=\"output\"><p>Our team is driven by your success. Every single day, we&#8217;ll support your business and help you to succeed.<\/p><\/blockquote>\n\n\n\n<h2 class=\"has-text-align-center wp-block-heading\">Our History<\/h2>\n\n\n\n<p>Lorem ipsum dolor sit amet, consectetur adipiscing elit, sed do eiusmod tempor incididunt ut labore et dolore magna aliqua. Ut enim ad minim veniam, quis nostrud exercitation ullamco laboris nisi ut aliquip ex ea commodo consequat. Duis aute irure dolor in reprehenderit in voluptate velit esse cillum dolore eu fugiat nulla pariatur. Excepteur sint occaecat cupidatat non proident, sunt in culpa qui officia deserunt mollit anim id est laborum.<\/p>\n\n\n\n<h2 class=\"has-text-align-center wp-block-heading\">Our Promise<\/h2>\n\n\n\n<p>Lorem ipsum dolor sit amet, consectetur adipiscing elit, sed do eiusmod tempor incididunt ut labore et dolore magna aliqua. Ut enim ad minim veniam, quis nostrud exercitation ullamco laboris nisi ut aliquip ex ea commodo consequat. <\/p>\n","protected":false},"excerpt":{"rendered":"<p>La Conservaci\u00f3n es una \u00e9tica del uso de los recursos, as\u00ed como su asignaci\u00f3n y protecci\u00f3n. Su principal objetivo es mantener la salud del Medio ambiente, Our team is driven by your success. Every single day, we&#8217;ll support your business and help you to succeed. Our [&hellip;]<\/p>\n","protected":false},"author":1,"featured_media":0,"parent":0,"menu_order":0,"comment_status":"closed","ping_status":"closed","template":"","meta":{"_monsterinsights_skip_tracking":false,"_monsterinsights_sitenote_active":false,"_monsterinsights_sitenote_note":"","_monsterinsights_sitenote_category":0,"footnotes":""},"categories":[],"tags":[],"class_list":["post-14","page","type-page","status-publish","hentry"],"aioseo_notices":[],"_links":{"self":[{"href":"https:\/\/pajareando.co\/index.php\/wp-json\/wp\/v2\/pages\/14","targetHints":{"allow":["GET"]}}],"collection":[{"href":"https:\/\/pajareando.co\/index.php\/wp-json\/wp\/v2\/pages"}],"about":[{"href":"https:\/\/pajareando.co\/index.php\/wp-json\/wp\/v2\/types\/page"}],"author":[{"embeddable":true,"href":"https:\/\/pajareando.co\/index.php\/wp-json\/wp\/v2\/users\/1"}],"replies":[{"embeddable":true,"href":"https:\/\/pajareando.co\/index.php\/wp-json\/wp\/v2\/comments?post=14"}],"version-history":[{"count":3,"href":"https:\/\/pajareando.co\/index.php\/wp-json\/wp\/v2\/pages\/14\/revisions"}],"predecessor-version":[{"id":5608,"href":"https:\/\/pajareando.co\/index.php\/wp-json\/wp\/v2\/pages\/14\/revisions\/5608"}],"wp:attachment":[{"href":"https:\/\/pajareando.co\/index.php\/wp-json\/wp\/v2\/media?parent=14"}],"wp:term":[{"taxonomy":"category","embeddable":true,"href":"https:\/\/pajareando.co\/index.php\/wp-json\/wp\/v2\/categories?post=14"},{"taxonomy":"post_tag","embeddable":true,"href":"https:\/\/pajareando.co\/index.php\/wp-json\/wp\/v2\/tags?post=14"}],"curies":[{"name":"wp","href":"https:\/\/api.w.org\/{rel}","templated":true}]}}