{"id":3711,"date":"2021-07-12T18:03:02","date_gmt":"2021-07-12T23:03:02","guid":{"rendered":"https:\/\/pajareando.co\/?page_id=3711"},"modified":"2021-08-22T19:01:12","modified_gmt":"2021-08-23T00:01:12","slug":"asi-iniciamos","status":"publish","type":"page","link":"https:\/\/pajareando.co\/index.php\/asi-iniciamos\/","title":{"rendered":"As\u00ed Iniciamos"},"content":{"rendered":"<p>[vc_row][vc_column][vc_empty_space height=&#8221;20px&#8221;][vc_column_text]Hay historias y comienzos \u00fanicos, solo se necesita un peque\u00f1o interrogante y las ganas de cambiar las cosas, as\u00ed inici\u00f3 este proyecto en el encantador municipio de Arboledas. Wilson Ortega nuestro experto en turismo se pregunt\u00f3 cu\u00e1l ser\u00eda el nombre de aquel colibr\u00ed que tanto le llam\u00f3 la atenci\u00f3n y al consultar en internet sobre las aves descubri\u00f3 un mundo m\u00e1gico, pero al mismo tiempo abrumador porque para identificar un ave con certeza, es necesario acudir a un experto o a un gu\u00eda especializado en avistamiento de aves.<\/p>\n<p>As\u00ed, le surgieron preguntas como \u00bfCu\u00e1ntas especies de aves hay en Norte de Santander? \u00bfCu\u00e1ntas en Arboledas? Estos cuestionamientos coincidieron con el inicio de la Tecnolog\u00eda en Guianza Tur\u00edstica ofrecida por el Servicio Nacional de Aprendizaje (SENA), formaci\u00f3n muy cercana a los cuestionamientos que se hab\u00eda planteado y la posibilidad con ella de capacitarse e iniciar realmente este sue\u00f1o.<\/p>\n<p>En la formaci\u00f3n, conoci\u00f3 a la instructora Trudy Ibarra \u2013 l\u00edder del proyecto- quien hace la presentaci\u00f3n del programa, socializa e invita a ser parte de los diversos Semilleros de Investigaci\u00f3n, sus actividades y las posibilidades que all\u00ed se tejen y de esta manera plantear desde el inicio una etapa productiva con un trabajo de investigaci\u00f3n.<\/p>\n<p>En este proceso educativo tambi\u00e9n se encontraba el empresario Erwin Echeverry quien viene trabajando desde el a\u00f1o 2009 enfocado en turismo receptivo en C\u00facuta y Norte de Santander y junto con Wilson Ortega aceptaron el reto e iniciaron una propuesta de investigaci\u00f3n a trav\u00e9s del semillero SIGTE, enfocando los esfuerzos en construir un inventario de especies de aves en el municipio de Arboledas, Norte de Santander.<\/p>\n<p>Este proyecto fue evolucionando a tal punto que participaron en la convocatoria de la Red COLSI a nivel regional, teniendo un puntaje sobresaliente con el que logran ganar un cupo al encuentro Nacional que se desarroll\u00f3 en la ciudad de Valledupar, donde nuevamente se tuvo un excelente puntaje calificable para ser seleccionados y poder participar en el encuentro Internacional. Finalmente, este encuentro no se llev\u00f3 a cabo debido a la pandemia COVID-19.<\/p>\n<p>Sin bajar los brazos y motivados por la constancia y la persistencia para alcanzar su sue\u00f1o, en el mes de septiembre de 2020 el equipo de trabajo aplica a la convocatoria de SENNOVA para buscar financiaci\u00f3n y desarrollar una \u201cAplicaci\u00f3n Multimedia para fomentar el Aviturismo en el Municipio de Arboledas\u201d www.pajareando.co, de la mano de nuestros mentores y amigos Ingeniero Freddy Oswaldo Ovalles Pab\u00f3n Instructor Investigador SENNOVA y la Instructora Trudy Yamile Ibarra. Despu\u00e9s de varios ajustes se formul\u00f3 la propuesta que fue aprobada con los recursos para la ejecuci\u00f3n del mismo.<\/p>\n<p>Actualmente el proceso se encuentra en desarrollo con un equipo de alto perfil y rendimiento, que cuenta con el apoyo de recursos econ\u00f3micos del SENA y recursos f\u00edsicos y log\u00edsticos de las empresas aliadas: en el sector privado, Viajes Jumbo L\u2019alianxa, sector p\u00fablico, Alcald\u00eda de Arboledas y la academia, Fundaci\u00f3n de Estudios Superiores de Comfanorte FESC.<\/p>\n<p>Nuestra apuesta es consolidar una experiencia sostenible tanto para el proyecto en s\u00ed mismo, como para el municipio de Arboledas, tanto que pueda ser replicado y escalable en el departamento Norte de Santander, buscamos que los agricultores y campesinos se empoderen de estos proyectos que tienen como enfoque el Turismo de Naturaleza, como una apuesta complementaria que apalanquen sus ingresos y sea sostenible con el medio ambiente a corto, mediano y largo plazo.<\/p>\n<p>Conservar el ecosistema privilegiado que tenemos en el departamento Norte de Santander debe ser siempre la prioridad puesto que este es \u00fanico e invaluable, toda la comunidad deber\u00e1 propender porque se cuide y prepararse as\u00ed mismo atender a turistas locales, nacionales y extranjeros ofreciendo un producto de Talla Mundial que se integre a la oferta del pa\u00eds en el exterior.<\/p>\n<p>Pajareando.co es un sue\u00f1o hecho realidad que ya est\u00e1 volando para que Norte de Santander sea visualizado como una excelente oferta de Turismo Receptivo de Naturaleza, Cultura, Aventura y Bienestar.[\/vc_column_text][\/vc_column][\/vc_row]<\/p>\n","protected":false},"excerpt":{"rendered":"<p>[vc_row][vc_column][vc_empty_space height=&#8221;20px&#8221;][vc_column_text]Hay historias y comienzos \u00fanicos, solo se necesita un peque\u00f1o interrogante y las ganas de cambiar las cosas, as\u00ed inici\u00f3 este proyecto en el encantador municipio de Arboledas. Wilson Ortega nuestro experto en turismo se pregunt\u00f3 cu\u00e1l ser\u00eda el nombre de aquel colibr\u00ed que tanto [&hellip;]<\/p>\n","protected":false},"author":1,"featured_media":0,"parent":0,"menu_order":0,"comment_status":"closed","ping_status":"closed","template":"","meta":{"_monsterinsights_skip_tracking":false,"_monsterinsights_sitenote_active":false,"_monsterinsights_sitenote_note":"","_monsterinsights_sitenote_category":0,"footnotes":""},"categories":[],"tags":[],"class_list":["post-3711","page","type-page","status-publish","hentry"],"aioseo_notices":[],"_links":{"self":[{"href":"https:\/\/pajareando.co\/index.php\/wp-json\/wp\/v2\/pages\/3711","targetHints":{"allow":["GET"]}}],"collection":[{"href":"https:\/\/pajareando.co\/index.php\/wp-json\/wp\/v2\/pages"}],"about":[{"href":"https:\/\/pajareando.co\/index.php\/wp-json\/wp\/v2\/types\/page"}],"author":[{"embeddable":true,"href":"https:\/\/pajareando.co\/index.php\/wp-json\/wp\/v2\/users\/1"}],"replies":[{"embeddable":true,"href":"https:\/\/pajareando.co\/index.php\/wp-json\/wp\/v2\/comments?post=3711"}],"version-history":[{"count":10,"href":"https:\/\/pajareando.co\/index.php\/wp-json\/wp\/v2\/pages\/3711\/revisions"}],"predecessor-version":[{"id":4782,"href":"https:\/\/pajareando.co\/index.php\/wp-json\/wp\/v2\/pages\/3711\/revisions\/4782"}],"wp:attachment":[{"href":"https:\/\/pajareando.co\/index.php\/wp-json\/wp\/v2\/media?parent=3711"}],"wp:term":[{"taxonomy":"category","embeddable":true,"href":"https:\/\/pajareando.co\/index.php\/wp-json\/wp\/v2\/categories?post=3711"},{"taxonomy":"post_tag","embeddable":true,"href":"https:\/\/pajareando.co\/index.php\/wp-json\/wp\/v2\/tags?post=3711"}],"curies":[{"name":"wp","href":"https:\/\/api.w.org\/{rel}","templated":true}]}}