{"id":3740,"date":"2021-07-13T12:27:42","date_gmt":"2021-07-13T17:27:42","guid":{"rendered":"https:\/\/pajareando.co\/?page_id=3740"},"modified":"2021-07-21T23:08:04","modified_gmt":"2021-07-22T04:08:04","slug":"wilson-ortega","status":"publish","type":"page","link":"https:\/\/pajareando.co\/index.php\/wilson-ortega\/","title":{"rendered":"Wilson Ortega"},"content":{"rendered":"<p>[vc_row][vc_column width=&#8221;1\/2&#8243;][vc_empty_space height=&#8221;20px&#8221;][vc_column_text]Es oriundo de Arboledas, Norte de Santander, se considera un ambientalista, defensor del p\u00e1ramo de Santurb\u00e1n y amante de las aves.<\/p>\n<p>Pajareando.co ha sido la puesta m\u00e1s significativa en donde divide sus roles entre aprendiz del Servicio Nacional de Aprendizaje (SENA), gu\u00eda tur\u00edstico y coordinador de la misma \u00e1rea en la alcald\u00eda de Arboledas.<\/p>\n<p>Siendo aprendiz de la Tecnolog\u00eda en Guianza Tur\u00edstica, ingresa junto a Erwin Echeverry al Semillero de investigaci\u00f3n SIGTE y dan inicio al trabajo de investigaci\u00f3n \u201cInventario de especies de aves en el municipio de Arboledas\u201d, que fue presentado mediante poster cient\u00edfico en <strong><span style=\"color: #00491e;\">Red COLSI.<\/span><\/strong><\/p>\n<p>En la fase actual del proyecto se desempe\u00f1a como Gu\u00eda tur\u00edstico en la b\u00fasqueda de una Aplicaci\u00f3n Multimedia para fomentar el Aviturismo en el Municipio de Arboledas, estableciendo las primeras tres (3) rutas comerciales de Aviturismo en Norte de Santander, esta experiencia permitir\u00e1 escalarla en otros municipios del departamento y ser\u00e1 la oportunidad para dar a conocer el BirdWatching como alternativa de desarrollo sostenible y generador de empleo en la zona.<\/p>\n<p>Paralelo a ello es el Coordinador de Turismo en Arboledas, rol tiene como meta establecer el turismo de naturaleza sostenible en el municipio, promover la construcci\u00f3n de infraestructura tur\u00edstica y la participaci\u00f3n en actividades y eventos para la promoci\u00f3n de Arboledas como destino tur\u00edstico.<\/p>\n<p>Con toda la capacitaci\u00f3n y experiencia Wilson ha registrado en el portal E-bird.org 287 especies de aves con sus respectivos soportes fotogr\u00e1ficos y m\u00e1s de 300 en Norte de Santander.<\/p>\n<p>En Arboledas ha impulsado la realizaci\u00f3n del primer festival de aves en el departamento, la elecci\u00f3n del ave municipal y el primer festival de coplas a las aves es fiel creyente que toda acci\u00f3n bien desarrollada permite cumplir metas y sue\u00f1os y esto es lo que se viene trabajando con <strong><span style=\"color: #00491e;\">pajareando.co<\/span><\/strong><\/p>\n<p>Est\u00e1 convencido que el turismo es un factor de desarrollo regional que necesita la participaci\u00f3n activa de las comunidades y todos los involucrados en la cadena de valor, por eso ha impulsado la creaci\u00f3n del Consejo Municipal de Turismo, logrando la aprobaci\u00f3n del mismo por parte del Concejo Municipal de su tierra natal Arboledas\u201d.[\/vc_column_text][\/vc_column][vc_column width=&#8221;1\/2&#8243;][vc_video link=&#8221;https:\/\/youtu.be\/UOY8GMhBhGM&#8221; align=&#8221;center&#8221;][\/vc_column][\/vc_row]<\/p>\n","protected":false},"excerpt":{"rendered":"<p>[vc_row][vc_column width=&#8221;1\/2&#8243;][vc_empty_space height=&#8221;20px&#8221;][vc_column_text]Es oriundo de Arboledas, Norte de Santander, se considera un ambientalista, defensor del p\u00e1ramo de Santurb\u00e1n y amante de las aves. Pajareando.co ha sido la puesta m\u00e1s significativa en donde divide sus roles entre aprendiz del Servicio Nacional de Aprendizaje (SENA), gu\u00eda tur\u00edstico y [&hellip;]<\/p>\n","protected":false},"author":1,"featured_media":0,"parent":0,"menu_order":0,"comment_status":"closed","ping_status":"closed","template":"","meta":{"_monsterinsights_skip_tracking":false,"_monsterinsights_sitenote_active":false,"_monsterinsights_sitenote_note":"","_monsterinsights_sitenote_category":0,"footnotes":""},"categories":[],"tags":[],"class_list":["post-3740","page","type-page","status-publish","hentry"],"aioseo_notices":[],"_links":{"self":[{"href":"https:\/\/pajareando.co\/index.php\/wp-json\/wp\/v2\/pages\/3740","targetHints":{"allow":["GET"]}}],"collection":[{"href":"https:\/\/pajareando.co\/index.php\/wp-json\/wp\/v2\/pages"}],"about":[{"href":"https:\/\/pajareando.co\/index.php\/wp-json\/wp\/v2\/types\/page"}],"author":[{"embeddable":true,"href":"https:\/\/pajareando.co\/index.php\/wp-json\/wp\/v2\/users\/1"}],"replies":[{"embeddable":true,"href":"https:\/\/pajareando.co\/index.php\/wp-json\/wp\/v2\/comments?post=3740"}],"version-history":[{"count":5,"href":"https:\/\/pajareando.co\/index.php\/wp-json\/wp\/v2\/pages\/3740\/revisions"}],"predecessor-version":[{"id":3745,"href":"https:\/\/pajareando.co\/index.php\/wp-json\/wp\/v2\/pages\/3740\/revisions\/3745"}],"wp:attachment":[{"href":"https:\/\/pajareando.co\/index.php\/wp-json\/wp\/v2\/media?parent=3740"}],"wp:term":[{"taxonomy":"category","embeddable":true,"href":"https:\/\/pajareando.co\/index.php\/wp-json\/wp\/v2\/categories?post=3740"},{"taxonomy":"post_tag","embeddable":true,"href":"https:\/\/pajareando.co\/index.php\/wp-json\/wp\/v2\/tags?post=3740"}],"curies":[{"name":"wp","href":"https:\/\/api.w.org\/{rel}","templated":true}]}}