{"id":3746,"date":"2021-07-13T13:10:25","date_gmt":"2021-07-13T18:10:25","guid":{"rendered":"https:\/\/pajareando.co\/?page_id=3746"},"modified":"2021-08-10T17:13:39","modified_gmt":"2021-08-10T22:13:39","slug":"trudy-yamile-caceres-ibarra","status":"publish","type":"page","link":"https:\/\/pajareando.co\/index.php\/trudy-yamile-caceres-ibarra\/","title":{"rendered":"Trudy Yamile Ibarra C\u00e1ceres"},"content":{"rendered":"<p>[vc_row][vc_column width=&#8221;1\/2&#8243;][vc_empty_space height=&#8221;20px&#8221;][vc_column_text]L\u00edder del Semillero de Investigaci\u00f3n de Gastronom\u00eda, Turismo y Eventos \u2013 SIGTE e Instructora SENA hace 16 a\u00f1os en el \u00e1rea de Turismo y Eventos, en el Centro de la Industria, la Empresa y los Servicios &#8211; CIES.<\/p>\n<p>Pajareando.co se ha convertido en toda una apuesta,que tiene como foco potenciar el turismo especializado en el avistamiento de aves en el municipio de Arboledas, Norte de Santander, para ello se desarrolla las siguientes actividades:[\/vc_column_text][\/vc_column][vc_column width=&#8221;1\/2&#8243;][vc_empty_space height=&#8221;20px&#8221;][vc_column_text]1. Realizar seguimiento a las actividades del proyecto, presentar actas e informes de gesti\u00f3n.<\/p>\n<p>2. Elaborar escritos, manuscritos, art\u00edculos y dem\u00e1s documentos producto de la Innovaci\u00f3n\/Investigaci\u00f3n.<\/p>\n<p>3. Encargada de la formulaci\u00f3n, ejecuci\u00f3n y evaluaci\u00f3n del proyecto por parte del SENA.<\/p>\n<p>4. Acompa\u00f1amiento del seguimiento y la ejecuci\u00f3n del proyecto.[\/vc_column_text][\/vc_column][\/vc_row][vc_row][vc_column][vc_empty_space][\/vc_column][\/vc_row][vc_row][vc_column][vc_video][\/vc_column][\/vc_row]<\/p>\n","protected":false},"excerpt":{"rendered":"<p>[vc_row][vc_column width=&#8221;1\/2&#8243;][vc_empty_space height=&#8221;20px&#8221;][vc_column_text]L\u00edder del Semillero de Investigaci\u00f3n de Gastronom\u00eda, Turismo y Eventos \u2013 SIGTE e Instructora SENA hace 16 a\u00f1os en el \u00e1rea de Turismo y Eventos, en el Centro de la Industria, la Empresa y los Servicios &#8211; CIES. Pajareando.co se ha convertido en toda [&hellip;]<\/p>\n","protected":false},"author":1,"featured_media":0,"parent":0,"menu_order":0,"comment_status":"closed","ping_status":"closed","template":"","meta":{"_monsterinsights_skip_tracking":false,"_monsterinsights_sitenote_active":false,"_monsterinsights_sitenote_note":"","_monsterinsights_sitenote_category":0,"footnotes":""},"categories":[],"tags":[],"class_list":["post-3746","page","type-page","status-publish","hentry"],"aioseo_notices":[],"_links":{"self":[{"href":"https:\/\/pajareando.co\/index.php\/wp-json\/wp\/v2\/pages\/3746","targetHints":{"allow":["GET"]}}],"collection":[{"href":"https:\/\/pajareando.co\/index.php\/wp-json\/wp\/v2\/pages"}],"about":[{"href":"https:\/\/pajareando.co\/index.php\/wp-json\/wp\/v2\/types\/page"}],"author":[{"embeddable":true,"href":"https:\/\/pajareando.co\/index.php\/wp-json\/wp\/v2\/users\/1"}],"replies":[{"embeddable":true,"href":"https:\/\/pajareando.co\/index.php\/wp-json\/wp\/v2\/comments?post=3746"}],"version-history":[{"count":6,"href":"https:\/\/pajareando.co\/index.php\/wp-json\/wp\/v2\/pages\/3746\/revisions"}],"predecessor-version":[{"id":4522,"href":"https:\/\/pajareando.co\/index.php\/wp-json\/wp\/v2\/pages\/3746\/revisions\/4522"}],"wp:attachment":[{"href":"https:\/\/pajareando.co\/index.php\/wp-json\/wp\/v2\/media?parent=3746"}],"wp:term":[{"taxonomy":"category","embeddable":true,"href":"https:\/\/pajareando.co\/index.php\/wp-json\/wp\/v2\/categories?post=3746"},{"taxonomy":"post_tag","embeddable":true,"href":"https:\/\/pajareando.co\/index.php\/wp-json\/wp\/v2\/tags?post=3746"}],"curies":[{"name":"wp","href":"https:\/\/api.w.org\/{rel}","templated":true}]}}