{"id":3782,"date":"2021-07-21T11:20:04","date_gmt":"2021-07-21T16:20:04","guid":{"rendered":"https:\/\/pajareando.co\/?page_id=3782"},"modified":"2021-07-28T18:27:22","modified_gmt":"2021-07-28T23:27:22","slug":"servicio-nacional-de-aprendizaje-sena","status":"publish","type":"page","link":"https:\/\/pajareando.co\/index.php\/servicio-nacional-de-aprendizaje-sena\/","title":{"rendered":"SENA"},"content":{"rendered":"<p>[vc_row][vc_column][vc_column_text]<\/p>\n<p style=\"text-align: left;\">El Servicio Nacional de Aprendizaje (SENA) forma parte de esta iniciativa desde la estrategia pedag\u00f3gica formativa en investigaci\u00f3n como son los denominados semilleros, especialmente el Semillero SIGTE en trabajo conjunto con el Semillero TESLA desde el a\u00f1o 2018 que asume el liderazgo la Instructora Trudy Ibarra. Los semilleros son y representan la fuente de germinaci\u00f3n de proyectos que a su vez nutren al grupo de Investigaci\u00f3n GINDET del Centro de Formaci\u00f3n de la Industria La Empresa y Los Servicios (CIES) y la convocatoria de proyectos de I+D+i del Sistema de Gesti\u00f3n de Proyectos de Sennova SGPS.<\/p>\n<p style=\"text-align: left;\">Por parte del SENA se encuentran vinculados los instructores Trudy Yamile Ibarra Caceres del \u00e1rea de Turismo y Freddy Oswaldo Ovalles Pab\u00f3n del \u00e1rea de Tecnolog\u00edas TIC y de Investigaci\u00f3n Sennova, quienes han apadrinado esta iniciativa desde sus or\u00edgenes.<\/p>\n<h4 style=\"text-align: left;\"><strong><span style=\"color: #339966;\">UN GRAN RECORRIDO<\/span><\/strong><\/h4>\n<p style=\"text-align: left;\">Esta iniciativa tiene una base de investigaci\u00f3n formativa y aplicada que ha pasado por varias etapas y escenarios, inicialmente se hablaba de una herramienta multimedia de realidad hibrida (AR y VR) para fomentar el turismo de Avistamiento de Aves, basado en unos kioskos informativos en el aeropuerto Camilo Daza de C\u00facuta y en algunos centros comerciales de la ciudad, que fue presentada en la convocatoria L\u00ednea de Fomento a la Innovaci\u00f3n y Desarrollo Tecnol\u00f3gico de las Empresas de Colciencias en el a\u00f1o de 2018.<\/p>\n<p style=\"text-align: left;\">Luego y con el trabajo realizado en el Semillero SIGTE se particip\u00f3 en el evento de la Red ColSI a nivel regional en la ciudad de Pamplona obteniendo una calificaci\u00f3n por encima de los 90 puntos, clasificando as\u00ed al evento nacional en Valledupar, all\u00ed el aprendiz Wilson Ortega hace una sobresaliente presentaci\u00f3n en la que se le otorga 98 puntos, permitiendo de esta manera obtener una participaci\u00f3n a nivel internacional en eventos de semilleros de orden mundial, sin embargo, por temas de la pandemia Covid-19 no se pudo realizar dicho evento.<\/p>\n<p style=\"text-align: left;\">La iniciativa no par\u00f3 all\u00ed, porque apostarle al turismo especializado en la regi\u00f3n especialmente en Arboledas desde el inicio ha sido la gran apuesta, por eso luego de insistir se reformula y se presenta el proyecto para la convocatoria SGPS 2020 del SENA, en la que se obtiene una calificaci\u00f3n de 9,2\/10 y con ello la aprobaci\u00f3n para asignaci\u00f3n de recursos por alrededor de $60 millones de pesos.<\/p>\n<p style=\"text-align: left;\">Actualmente el proyecto se encuentra en fase de ejecuci\u00f3n por lo que el Servicio Nacional de Aprendizaje realizar\u00e1 el acompa\u00f1amiento de la implementaci\u00f3n y puesta en marcha de la herramienta de comunicaci\u00f3n e integraci\u00f3n multimedia en la vigencia 2021, hasta el 15 de diciembre del presente a\u00f1o.<\/p>\n<h4 style=\"text-align: left;\"><strong><span style=\"color: #339966;\">LA PARTICIPACI\u00d3N DE LOS ALIADOS<\/span><\/strong><\/h4>\n<p style=\"text-align: left;\">El 60% de la propiedad intelectual y derechos de autor patrimoniales sobre el proyecto son del SENA, y la Direcci\u00f3n General de esta misma entidad aprob\u00f3 la asignaci\u00f3n de recursos econ\u00f3micos de alrededor de $60 millones para la contrataci\u00f3n del personal experto para la ejecuci\u00f3n del proyecto.<\/p>\n<p style=\"text-align: left;\">Estas iniciativas que le apuestan al apalancamiento de la econom\u00eda, a la innovaci\u00f3n en el territorio representar\u00e1n siempre una oportunidad para destacar las bondades de un departamento con muchas oportunidades y experiencias \u00fanicas, a partir del trabajo interdisciplinario y la integraci\u00f3n de la Academia, la Empresa y el Estado.<\/p>\n<p>[\/vc_column_text][vc_empty_space height=&#8221;20px&#8221;][vc_video link=&#8221;https:\/\/www.youtube.com\/watch?v=k5rZk-qC0JM&#8221; el_aspect=&#8221;235&#8243; align=&#8221;center&#8221;][\/vc_column][\/vc_row]<\/p>\n","protected":false},"excerpt":{"rendered":"<p>[vc_row][vc_column][vc_column_text] El Servicio Nacional de Aprendizaje (SENA) forma parte de esta iniciativa desde la estrategia pedag\u00f3gica formativa en investigaci\u00f3n como son los denominados semilleros, especialmente el Semillero SIGTE en trabajo conjunto con el Semillero TESLA desde el a\u00f1o 2018 que asume el liderazgo la Instructora Trudy [&hellip;]<\/p>\n","protected":false},"author":1,"featured_media":0,"parent":0,"menu_order":0,"comment_status":"closed","ping_status":"closed","template":"","meta":{"_monsterinsights_skip_tracking":false,"_monsterinsights_sitenote_active":false,"_monsterinsights_sitenote_note":"","_monsterinsights_sitenote_category":0,"footnotes":""},"categories":[],"tags":[],"class_list":["post-3782","page","type-page","status-publish","hentry"],"aioseo_notices":[],"_links":{"self":[{"href":"https:\/\/pajareando.co\/index.php\/wp-json\/wp\/v2\/pages\/3782","targetHints":{"allow":["GET"]}}],"collection":[{"href":"https:\/\/pajareando.co\/index.php\/wp-json\/wp\/v2\/pages"}],"about":[{"href":"https:\/\/pajareando.co\/index.php\/wp-json\/wp\/v2\/types\/page"}],"author":[{"embeddable":true,"href":"https:\/\/pajareando.co\/index.php\/wp-json\/wp\/v2\/users\/1"}],"replies":[{"embeddable":true,"href":"https:\/\/pajareando.co\/index.php\/wp-json\/wp\/v2\/comments?post=3782"}],"version-history":[{"count":8,"href":"https:\/\/pajareando.co\/index.php\/wp-json\/wp\/v2\/pages\/3782\/revisions"}],"predecessor-version":[{"id":3929,"href":"https:\/\/pajareando.co\/index.php\/wp-json\/wp\/v2\/pages\/3782\/revisions\/3929"}],"wp:attachment":[{"href":"https:\/\/pajareando.co\/index.php\/wp-json\/wp\/v2\/media?parent=3782"}],"wp:term":[{"taxonomy":"category","embeddable":true,"href":"https:\/\/pajareando.co\/index.php\/wp-json\/wp\/v2\/categories?post=3782"},{"taxonomy":"post_tag","embeddable":true,"href":"https:\/\/pajareando.co\/index.php\/wp-json\/wp\/v2\/tags?post=3782"}],"curies":[{"name":"wp","href":"https:\/\/api.w.org\/{rel}","templated":true}]}}