{"id":3790,"date":"2021-07-21T11:31:56","date_gmt":"2021-07-21T16:31:56","guid":{"rendered":"https:\/\/pajareando.co\/?page_id=3790"},"modified":"2021-08-02T11:55:11","modified_gmt":"2021-08-02T16:55:11","slug":"viajes-jumbo","status":"publish","type":"page","link":"https:\/\/pajareando.co\/index.php\/viajes-jumbo\/","title":{"rendered":"Viajes Jumbo"},"content":{"rendered":"<p>[vc_row][vc_column][vc_column_text]<\/p>\n<p style=\"text-align: left;\">[\/vc_column_text][\/vc_column][\/vc_row][vc_row][vc_column][vc_empty_space height=&#8221;20px&#8221;][vc_column_text]Todo proyecto necesita aliados estrat\u00e9gicos que permitan apalancar las iniciativas y con ello promover resultados que se puedan percibir a corto, mediano y largo plazo.<\/p>\n<p><span style=\"color: #339966;\"><strong>Viajes Jumbo<\/strong><\/span> se vincula a este proyecto desde el sector privado que junto con las otras organizaciones visionan esta iniciativa un producto de talla mundial. En una primera instancia asume el rol de <span style=\"color: #339966;\"><strong>Inversionista Gestor<\/strong><\/span>, con un alto valor agregado por su experiencia en el sector turismo en la regi\u00f3n.<\/p>\n<h4><span style=\"color: #339966;\"><strong>SU APORTE<\/strong><\/span><\/h4>\n<p>Durante la ejecuci\u00f3n de este proyecto ha sido el encargado de aportar los recursos tecnol\u00f3gicos, operativos y log\u00edsticos necesarios para que se pueda desarrollar cada actividad y\/o producto encaminados al cumplimiento de los objetivos, as\u00ed como todo el conocimiento relacionado con este sector de la econom\u00eda.<\/p>\n<h4><span style=\"color: #339966;\"><strong>SU PARTICIPACI\u00d3N<\/strong><\/span><\/h4>\n<p>Posee el 20% de la propiedad intelectual y derechos de autor patrimoniales, pero como inversionista de todo el proceso ha sido fundamental que Viajes Jumbo haya cre\u00eddo en este nicho y se haya comprometido con el mismo.<\/p>\n<p>Esta es una apuesta organizada, con un equipo interdisciplinario muy capaz y profesional que ejecutar\u00e1 todo lo necesario para que se genere un producto especializado de muy buena calidad y de talla internacional, que respete el medio ambiente y que se pueda replicarse y escalarse en cualquier municipio de Norte de Santander.[\/vc_column_text][vc_empty_space height=&#8221;40px&#8221;][vc_video link=&#8221;https:\/\/www.youtube.com\/watch?v=FmD-wLlzHFc&#8221; el_aspect=&#8221;235&#8243; align=&#8221;center&#8221;][\/vc_column][\/vc_row][vc_row][vc_column][vc_column_text]<\/p>\n<p>[\/vc_column_text][\/vc_column][\/vc_row]<\/p>\n","protected":false},"excerpt":{"rendered":"<p>[vc_row][vc_column][vc_column_text] [\/vc_column_text][\/vc_column][\/vc_row][vc_row][vc_column][vc_empty_space height=&#8221;20px&#8221;][vc_column_text]Todo proyecto necesita aliados estrat\u00e9gicos que permitan apalancar las iniciativas y con ello promover resultados que se puedan percibir a corto, mediano y largo plazo. Viajes Jumbo se vincula a este proyecto desde el sector privado que junto con las otras organizaciones visionan esta [&hellip;]<\/p>\n","protected":false},"author":1,"featured_media":0,"parent":0,"menu_order":0,"comment_status":"closed","ping_status":"closed","template":"","meta":{"_monsterinsights_skip_tracking":false,"_monsterinsights_sitenote_active":false,"_monsterinsights_sitenote_note":"","_monsterinsights_sitenote_category":0,"footnotes":""},"categories":[],"tags":[],"class_list":["post-3790","page","type-page","status-publish","hentry"],"aioseo_notices":[],"_links":{"self":[{"href":"https:\/\/pajareando.co\/index.php\/wp-json\/wp\/v2\/pages\/3790","targetHints":{"allow":["GET"]}}],"collection":[{"href":"https:\/\/pajareando.co\/index.php\/wp-json\/wp\/v2\/pages"}],"about":[{"href":"https:\/\/pajareando.co\/index.php\/wp-json\/wp\/v2\/types\/page"}],"author":[{"embeddable":true,"href":"https:\/\/pajareando.co\/index.php\/wp-json\/wp\/v2\/users\/1"}],"replies":[{"embeddable":true,"href":"https:\/\/pajareando.co\/index.php\/wp-json\/wp\/v2\/comments?post=3790"}],"version-history":[{"count":6,"href":"https:\/\/pajareando.co\/index.php\/wp-json\/wp\/v2\/pages\/3790\/revisions"}],"predecessor-version":[{"id":4115,"href":"https:\/\/pajareando.co\/index.php\/wp-json\/wp\/v2\/pages\/3790\/revisions\/4115"}],"wp:attachment":[{"href":"https:\/\/pajareando.co\/index.php\/wp-json\/wp\/v2\/media?parent=3790"}],"wp:term":[{"taxonomy":"category","embeddable":true,"href":"https:\/\/pajareando.co\/index.php\/wp-json\/wp\/v2\/categories?post=3790"},{"taxonomy":"post_tag","embeddable":true,"href":"https:\/\/pajareando.co\/index.php\/wp-json\/wp\/v2\/tags?post=3790"}],"curies":[{"name":"wp","href":"https:\/\/api.w.org\/{rel}","templated":true}]}}