{"id":3793,"date":"2021-07-21T11:38:01","date_gmt":"2021-07-21T16:38:01","guid":{"rendered":"https:\/\/pajareando.co\/?page_id=3793"},"modified":"2021-07-29T22:58:38","modified_gmt":"2021-07-30T03:58:38","slug":"alcaldia-de-arboledas","status":"publish","type":"page","link":"https:\/\/pajareando.co\/index.php\/alcaldia-de-arboledas\/","title":{"rendered":"Alcald\u00eda de Arboledas"},"content":{"rendered":"<p>[vc_row][vc_column][vc_column_text]Las apuestas interesantes se dan en los territorios y m\u00e1s aquellas que fomentan o le aportan a la comunidad progreso, en esta oportunidad del municipio de Arboledas desde su Alcald\u00eda se vincula a este proyecto estableciendo el <span style=\"color: #339966;\"><strong>turismo de naturaleza<\/strong><\/span> en su Plan de Desarrollo Municipal y de esta manera el avistamiento de aves se convierte en una de sus principales prioridades.<\/p>\n<p>Dentro de las primeras acciones desarrolladas se encuentra la intervenci\u00f3n en el parque principal que fue ambientado con figuras volum\u00e9tricas de aves entre las que se encuentran: el Carpintero Habado, la Eufonia Laniirostris, Pico plata, Saltar\u00edn Cabecidorado, Garza Silbadora, B\u00faho Orejudo, Mielero Patirrojo, Azulejo Golondrina, y el Tuc\u00e1n Gorgiblanco, asimismo, fue elegido por voto comunitario el <strong><span style=\"color: #339966;\">Pico Plata como ave municipal<\/span><\/strong> y se establece una <span style=\"color: #339966;\"><strong>reserva natural para la conservaci\u00f3n de las aves en el territorio.<\/strong><\/span><\/p>\n<p>Entre otras acciones contempladas se encuentra la creaci\u00f3n de una ruta inclusiva para personas con baja visi\u00f3n, facilitando la log\u00edstica de capacitaci\u00f3n y personal de la administraci\u00f3n para el desarrollo \u00f3ptimo de esta acci\u00f3n.<\/p>\n<h4><strong><span style=\"color: #339966;\">LA VINCULACI\u00d3N<\/span><\/strong><\/h4>\n<p>La alcald\u00eda de Arboledas se vincula oficialmente al proyecto cuando fue presentada la propuesta para generar la aplicaci\u00f3n multimedia y con ella promocionar el Aviturismo en el municipio ante el mandatario local Wilmer Dallos, proyecto bien fundamentado con apuestas significativas y con visi\u00f3n de corto, mediano y largo plazo, por lo que fue aceptada y la administraci\u00f3n municipal comienza a tomar acci\u00f3n y participaci\u00f3n frente al mismo.[\/vc_column_text][vc_empty_space height=&#8221;20px&#8221;][vc_video link=&#8221;https:\/\/www.youtube.com\/watch?v=dAIEyytu57s&#8221; el_aspect=&#8221;235&#8243; align=&#8221;center&#8221;][\/vc_column][\/vc_row]<\/p>\n","protected":false},"excerpt":{"rendered":"<p>[vc_row][vc_column][vc_column_text]Las apuestas interesantes se dan en los territorios y m\u00e1s aquellas que fomentan o le aportan a la comunidad progreso, en esta oportunidad del municipio de Arboledas desde su Alcald\u00eda se vincula a este proyecto estableciendo el turismo de naturaleza en su Plan de Desarrollo Municipal [&hellip;]<\/p>\n","protected":false},"author":1,"featured_media":0,"parent":0,"menu_order":0,"comment_status":"closed","ping_status":"closed","template":"","meta":{"_monsterinsights_skip_tracking":false,"_monsterinsights_sitenote_active":false,"_monsterinsights_sitenote_note":"","_monsterinsights_sitenote_category":0,"footnotes":""},"categories":[],"tags":[],"class_list":["post-3793","page","type-page","status-publish","hentry"],"aioseo_notices":[],"_links":{"self":[{"href":"https:\/\/pajareando.co\/index.php\/wp-json\/wp\/v2\/pages\/3793","targetHints":{"allow":["GET"]}}],"collection":[{"href":"https:\/\/pajareando.co\/index.php\/wp-json\/wp\/v2\/pages"}],"about":[{"href":"https:\/\/pajareando.co\/index.php\/wp-json\/wp\/v2\/types\/page"}],"author":[{"embeddable":true,"href":"https:\/\/pajareando.co\/index.php\/wp-json\/wp\/v2\/users\/1"}],"replies":[{"embeddable":true,"href":"https:\/\/pajareando.co\/index.php\/wp-json\/wp\/v2\/comments?post=3793"}],"version-history":[{"count":4,"href":"https:\/\/pajareando.co\/index.php\/wp-json\/wp\/v2\/pages\/3793\/revisions"}],"predecessor-version":[{"id":3935,"href":"https:\/\/pajareando.co\/index.php\/wp-json\/wp\/v2\/pages\/3793\/revisions\/3935"}],"wp:attachment":[{"href":"https:\/\/pajareando.co\/index.php\/wp-json\/wp\/v2\/media?parent=3793"}],"wp:term":[{"taxonomy":"category","embeddable":true,"href":"https:\/\/pajareando.co\/index.php\/wp-json\/wp\/v2\/categories?post=3793"},{"taxonomy":"post_tag","embeddable":true,"href":"https:\/\/pajareando.co\/index.php\/wp-json\/wp\/v2\/tags?post=3793"}],"curies":[{"name":"wp","href":"https:\/\/api.w.org\/{rel}","templated":true}]}}