{"id":3829,"date":"2021-07-22T09:25:56","date_gmt":"2021-07-22T14:25:56","guid":{"rendered":"https:\/\/pajareando.co\/?page_id=3829"},"modified":"2021-08-31T14:58:34","modified_gmt":"2021-08-31T19:58:34","slug":"erwin-echeverry-bustamante","status":"publish","type":"page","link":"https:\/\/pajareando.co\/index.php\/erwin-echeverry-bustamante\/","title":{"rendered":"Erwin Echeverry Bustamante"},"content":{"rendered":"<p>[vc_row][vc_column width=&#8221;1\/2&#8243;][vc_empty_space height=&#8221;20px&#8221;][vc_column_text]<\/p>\n<p style=\"text-align: left;\">Nacido en C\u00facuta, de familia dedicada al Turismo Emisivo que siempre ha sido referente en el gremio en el Oriente Colombiano. Siempre cerca de sus padres para aprender del negocio, es Administrador de Empresas de la universidad Francisco de Paula Santander, proyectado a la innovaci\u00f3n con nuevas unidades de negocio para apalancar y crear una ruta para Viajes Jumbo L\u2019alianxa en busca de nuevos mercados basados en la Estrategia del Oc\u00e9ano Azul, las cuales no son f\u00e1ciles de penetrar, pero se vuelven m\u00e1s estables y rentables a trav\u00e9s del tiempo en mercados de competencia perfecta.<\/p>\n<p style=\"text-align: left;\">Hacia el 2009 inici\u00f3 en el Turismo Receptivo en C\u00facuta y Norte de Santander, una apuesta bastante desafiante porque no contaba con experiencia alguna. Sin embargo, con la ayuda de la Corporaci\u00f3n Mixta de Turismo de Norte de Santander, de la mano de una gran amiga Lina Mercedes Silva, lograron entender las experiencias que deb\u00edan estructurar para ser competitivos a nivel nacional.<\/p>\n<p style=\"text-align: left;\">A finales del 2018 tuvo la oportunidad de ser parte de la primera promoci\u00f3n del programa de Tecnolog\u00eda en Guianza Tur\u00edstica del Servicio Nacional de Aprendizaje SENA. All\u00ed, inspirado por la Instructora Trudy Yamile Ibarra, iniciaron junto con su compa\u00f1ero de sue\u00f1o, Wilson Ortega Rozo,<\/p>\n<p>[\/vc_column_text][\/vc_column][vc_column width=&#8221;1\/2&#8243;][vc_empty_space height=&#8221;20px&#8221;][vc_column_text]<\/p>\n<p style=\"text-align: left;\">\u00a0la ruta de lo que hoy vemos como una apuesta real hacia el Turismo de Naturaleza: Avistamiento de Aves.<\/p>\n<p style=\"text-align: left;\">Junto con Wilson Ortega, durante el programa del SENA, ingresaron al Semillero de investigaci\u00f3n SIGTE e iniciaron el trabajo de investigaci\u00f3n \u201cInventario de especies de aves en el municipio de Arboledas\u201d, que fue presentado mediante poster cient\u00edfico en Red COLSI, llegando hasta la fase internacional.<\/p>\n<p style=\"text-align: left;\">Hoy luego de casi 13 a\u00f1os de haber incursionado en el Turismo Receptivo, de los 47 a\u00f1os que tiene Viajes Jumbo, se ha inspirado en la biodiversidad de nuestro departamento Norte de Santander, especialmente en el Municipio de Arboledas donde se decide llevar a cabo este importante proyecto denominado Pajareando.co, un nicho inexplorado como producto tur\u00edstico donde, hasta ahora, se ha logrado tener evidencia de especies end\u00e9micas, casi end\u00e9micas, raras y en peligro de extinci\u00f3n. Adem\u00e1s, las grandes riquezas que tiene el P\u00e1ramo de Santurb\u00e1n en flora y fauna que se debe propender por su cuidado y conservaci\u00f3n.<\/p>\n<p style=\"text-align: left;\">Erwin Echeverry le apuesta totalmente al turismo receptivo en el departamento porque cree que se debe dejar un legado con un producto de talla mundial: Avistamiento profesional de Aves en Norte de Santander. Este gran sue\u00f1o ya est\u00e1 volando.<\/p>\n<p>[\/vc_column_text][\/vc_column][\/vc_row][vc_row][vc_column][vc_empty_space][\/vc_column][\/vc_row][vc_row][vc_column][vc_video link=&#8221;https:\/\/www.youtube.com\/watch?v=9tqRpZbVdVg&#8221;][\/vc_column][\/vc_row]<\/p>\n","protected":false},"excerpt":{"rendered":"<p>[vc_row][vc_column width=&#8221;1\/2&#8243;][vc_empty_space height=&#8221;20px&#8221;][vc_column_text] Nacido en C\u00facuta, de familia dedicada al Turismo Emisivo que siempre ha sido referente en el gremio en el Oriente Colombiano. Siempre cerca de sus padres para aprender del negocio, es Administrador de Empresas de la universidad Francisco de Paula Santander, proyectado a [&hellip;]<\/p>\n","protected":false},"author":1,"featured_media":0,"parent":0,"menu_order":0,"comment_status":"closed","ping_status":"closed","template":"","meta":{"_monsterinsights_skip_tracking":false,"_monsterinsights_sitenote_active":false,"_monsterinsights_sitenote_note":"","_monsterinsights_sitenote_category":0,"footnotes":""},"categories":[],"tags":[],"class_list":["post-3829","page","type-page","status-publish","hentry"],"aioseo_notices":[],"_links":{"self":[{"href":"https:\/\/pajareando.co\/index.php\/wp-json\/wp\/v2\/pages\/3829","targetHints":{"allow":["GET"]}}],"collection":[{"href":"https:\/\/pajareando.co\/index.php\/wp-json\/wp\/v2\/pages"}],"about":[{"href":"https:\/\/pajareando.co\/index.php\/wp-json\/wp\/v2\/types\/page"}],"author":[{"embeddable":true,"href":"https:\/\/pajareando.co\/index.php\/wp-json\/wp\/v2\/users\/1"}],"replies":[{"embeddable":true,"href":"https:\/\/pajareando.co\/index.php\/wp-json\/wp\/v2\/comments?post=3829"}],"version-history":[{"count":6,"href":"https:\/\/pajareando.co\/index.php\/wp-json\/wp\/v2\/pages\/3829\/revisions"}],"predecessor-version":[{"id":4899,"href":"https:\/\/pajareando.co\/index.php\/wp-json\/wp\/v2\/pages\/3829\/revisions\/4899"}],"wp:attachment":[{"href":"https:\/\/pajareando.co\/index.php\/wp-json\/wp\/v2\/media?parent=3829"}],"wp:term":[{"taxonomy":"category","embeddable":true,"href":"https:\/\/pajareando.co\/index.php\/wp-json\/wp\/v2\/categories?post=3829"},{"taxonomy":"post_tag","embeddable":true,"href":"https:\/\/pajareando.co\/index.php\/wp-json\/wp\/v2\/tags?post=3829"}],"curies":[{"name":"wp","href":"https:\/\/api.w.org\/{rel}","templated":true}]}}