{"id":3832,"date":"2021-07-22T09:29:23","date_gmt":"2021-07-22T14:29:23","guid":{"rendered":"https:\/\/pajareando.co\/?page_id=3832"},"modified":"2021-08-31T15:12:46","modified_gmt":"2021-08-31T20:12:46","slug":"freddy-oswaldo-ovalles-pabon","status":"publish","type":"page","link":"https:\/\/pajareando.co\/index.php\/freddy-oswaldo-ovalles-pabon\/","title":{"rendered":"Freddy Oswaldo Ovalles Pab\u00f3n"},"content":{"rendered":"<p>[vc_row][vc_column width=&#8221;1\/2&#8243;][vc_empty_space height=&#8221;20px&#8221;][vc_column_text]Instructor de Planta Temporal SENNOVA G15 desde el 01 de Diciembre de 2017, L\u00edder del Semillero de Investigaci\u00f3n <strong><span style=\"color: #339966;\">TESLA<\/span><\/strong>, con 8 a\u00f1os de experiencia como instructor de planta en el \u00e1rea TIC y otros 9 a\u00f1os de contratista en el Centro de la Industria, la Empresa y los Servicios \u2013 <strong><span style=\"color: #339966;\">CIES<\/span><\/strong>, tambi\u00e9n form\u00f3 parte de los centro <strong><span style=\"color: #339966;\">CEDRUM<\/span><\/strong> de Norte de Santander y <strong><span style=\"color: #339966;\">CESGE<\/span><\/strong> de Antioquia trabajando en la formaci\u00f3n virtual.<\/p>\n<p>Se ha desempe\u00f1ado como docente universitario y docente investigador de las principales universidades de la regi\u00f3n: UFPS, UP, UTS y UniLibre, sumando as\u00ed alrededor de 15 a\u00f1os de experiencia, actualmente es <strong><span style=\"color: #339966;\">Investigador Junior<\/span><\/strong> categorizado por <strong><span style=\"color: #339966;\">Minciencias<\/span><\/strong>, ingeniero de sistemas de profesi\u00f3n con estudios de postgrado en teleinform\u00e1tica, comunicaci\u00f3n digital, marketing y modelos de negocios online, ingenier\u00eda electr\u00f3nica y candidato a Dr. En Tecnolog\u00edas de la Informaci\u00f3n, muchos de los saberes y aportaciones en la cultura de CTI son basados en experiencias a nivel internacional en pa\u00edses como M\u00e9xico, Ecuador, Panam\u00e1 y Brasil.<\/p>\n<p>El proyecto de avistamiento de aves en el municipio de Arboledas desde su iniciativa en el Semillero SIGTE donde naci\u00f3 apadrinado[\/vc_column_text][\/vc_column][vc_column width=&#8221;1\/2&#8243;][vc_empty_space height=&#8221;20px&#8221;][vc_column_text]por el l\u00edder Freddy, ha sido un ejercicio interesante por apostar a la transformaci\u00f3n digital y la reactivaci\u00f3n econ\u00f3mica de un servicio como es el turismo y encaja con un modelo de negocios innovador acorde a las tendencias de pol\u00edtica nacional dado por la Misi\u00f3n de sabios como es la bioeconom\u00eda,se alinea perfectamente a los focos de I+D+i del consejo departamental de CTI del Norte de Santander como es el Turismo y las TIC, asimismo a la nueva normalidad de vida a partir de la pandemia Covid-19.<\/p>\n<p>Dentro de las actividades como Instructor Investigador Sennova y Co-lider del proyecto est\u00e1n:<br \/>\n1. Realizar seguimiento a las actividades del proyecto, apoyar la gesti\u00f3n con base en el dise\u00f1o de la matriz de marco l\u00f3gico MML.<br \/>\n2. Coordinar, liderar y elaborar escritos, manuscritos, art\u00edculos, informes y dem\u00e1s documentos resultados y productos de la Innovaci\u00f3n\/Investigaci\u00f3n\/Desarrollo tecnol\u00f3gico.<br \/>\n3. Realizar la formulaci\u00f3n, ejecuci\u00f3n y evaluaci\u00f3n del proyecto por parte del SENA.<br \/>\n4. Acompa\u00f1amiento del seguimiento y la ejecuci\u00f3n del proyecto en la tem\u00e1tica TIC, espec\u00edficamente multimedia y estrategia digital.[\/vc_column_text][\/vc_column][\/vc_row][vc_row][vc_column][vc_empty_space height=&#8221;30px&#8221;][vc_video link=&#8221;https:\/\/www.youtube.com\/watch?v=FghMX8pWxys&#8221; align=&#8221;center&#8221;][\/vc_column][\/vc_row]<\/p>\n","protected":false},"excerpt":{"rendered":"<p>[vc_row][vc_column width=&#8221;1\/2&#8243;][vc_empty_space height=&#8221;20px&#8221;][vc_column_text]Instructor de Planta Temporal SENNOVA G15 desde el 01 de Diciembre de 2017, L\u00edder del Semillero de Investigaci\u00f3n TESLA, con 8 a\u00f1os de experiencia como instructor de planta en el \u00e1rea TIC y otros 9 a\u00f1os de contratista en el Centro de la Industria, [&hellip;]<\/p>\n","protected":false},"author":1,"featured_media":4900,"parent":0,"menu_order":0,"comment_status":"closed","ping_status":"closed","template":"","meta":{"_monsterinsights_skip_tracking":false,"_monsterinsights_sitenote_active":false,"_monsterinsights_sitenote_note":"","_monsterinsights_sitenote_category":0,"footnotes":""},"categories":[],"tags":[],"class_list":["post-3832","page","type-page","status-publish","has-post-thumbnail","hentry"],"aioseo_notices":[],"_links":{"self":[{"href":"https:\/\/pajareando.co\/index.php\/wp-json\/wp\/v2\/pages\/3832","targetHints":{"allow":["GET"]}}],"collection":[{"href":"https:\/\/pajareando.co\/index.php\/wp-json\/wp\/v2\/pages"}],"about":[{"href":"https:\/\/pajareando.co\/index.php\/wp-json\/wp\/v2\/types\/page"}],"author":[{"embeddable":true,"href":"https:\/\/pajareando.co\/index.php\/wp-json\/wp\/v2\/users\/1"}],"replies":[{"embeddable":true,"href":"https:\/\/pajareando.co\/index.php\/wp-json\/wp\/v2\/comments?post=3832"}],"version-history":[{"count":11,"href":"https:\/\/pajareando.co\/index.php\/wp-json\/wp\/v2\/pages\/3832\/revisions"}],"predecessor-version":[{"id":4897,"href":"https:\/\/pajareando.co\/index.php\/wp-json\/wp\/v2\/pages\/3832\/revisions\/4897"}],"wp:featuredmedia":[{"embeddable":true,"href":"https:\/\/pajareando.co\/index.php\/wp-json\/wp\/v2\/media\/4900"}],"wp:attachment":[{"href":"https:\/\/pajareando.co\/index.php\/wp-json\/wp\/v2\/media?parent=3832"}],"wp:term":[{"taxonomy":"category","embeddable":true,"href":"https:\/\/pajareando.co\/index.php\/wp-json\/wp\/v2\/categories?post=3832"},{"taxonomy":"post_tag","embeddable":true,"href":"https:\/\/pajareando.co\/index.php\/wp-json\/wp\/v2\/tags?post=3832"}],"curies":[{"name":"wp","href":"https:\/\/api.w.org\/{rel}","templated":true}]}}