{"id":4051,"date":"2021-07-30T16:18:36","date_gmt":"2021-07-30T21:18:36","guid":{"rendered":"https:\/\/pajareando.co\/?page_id=4051"},"modified":"2021-08-20T11:27:18","modified_gmt":"2021-08-20T16:27:18","slug":"piedra-gorda","status":"publish","type":"page","link":"https:\/\/pajareando.co\/index.php\/piedra-gorda\/","title":{"rendered":"Sendero Piedra Gorda"},"content":{"rendered":"<p>[vc_row][vc_column][vc_column_text]<\/p>\n<p style=\"text-align: left;\">Si no sabes qu\u00e9 hacer en arboledas y eres amante de las aves te invitamos a realizar esta traves\u00eda con nosotros, conozcamos un poco de este sendero llamado Piedra Gorda. El punto de encuentro para iniciar esta ruta es en el parque principal, normalmente se realiza a tempranas horas del d\u00edas y el clima es muy vers\u00e1til puede ser un d\u00eda muy soleado, como puedes necesitar un abrigo.<\/p>\n<p>[\/vc_column_text][vc_empty_space height=&#8221;20px&#8221;][vc_empty_space height=&#8221;20px&#8221;]<div class=\"mkdf-image-gallery  mkdf-ig-carousel-type mkdf-three-columns mkdf-tiny-space  \">\n\t<div class=\"mkdf-ig-slider mkdf-owl-slider\" data-number-of-items=\"3\" data-enable-loop=\"yes\" data-enable-autoplay=\"yes\" data-slider-speed=\"5000\" data-slider-speed-animation=\"600\" data-slider-padding=\"no\" data-enable-navigation=\"yes\" data-enable-pagination=\"no\">\n\t\t\t\t\t<div class=\"mkdf-ig-image\">\n\t\t\t\t\t\t\t\t\t<img loading=\"lazy\" decoding=\"async\" width=\"800\" height=\"1135\" src=\"https:\/\/pajareando.co\/wp-content\/uploads\/2021\/08\/PG-1-1.jpg\" class=\"attachment-full size-full\" alt=\"\" srcset=\"https:\/\/pajareando.co\/wp-content\/uploads\/2021\/08\/PG-1-1.jpg 800w, https:\/\/pajareando.co\/wp-content\/uploads\/2021\/08\/PG-1-1-211x300.jpg 211w, https:\/\/pajareando.co\/wp-content\/uploads\/2021\/08\/PG-1-1-722x1024.jpg 722w, https:\/\/pajareando.co\/wp-content\/uploads\/2021\/08\/PG-1-1-768x1090.jpg 768w, https:\/\/pajareando.co\/wp-content\/uploads\/2021\/08\/PG-1-1-600x851.jpg 600w\" sizes=\"auto, (max-width: 800px) 100vw, 800px\" \/>\t\t\t\t\t\t\t<\/div>\n\t\t\t\t\t<div class=\"mkdf-ig-image\">\n\t\t\t\t\t\t\t\t\t<img loading=\"lazy\" decoding=\"async\" width=\"800\" height=\"1135\" src=\"https:\/\/pajareando.co\/wp-content\/uploads\/2021\/08\/PG-4.jpg\" class=\"attachment-full size-full\" alt=\"\" srcset=\"https:\/\/pajareando.co\/wp-content\/uploads\/2021\/08\/PG-4.jpg 800w, https:\/\/pajareando.co\/wp-content\/uploads\/2021\/08\/PG-4-211x300.jpg 211w, https:\/\/pajareando.co\/wp-content\/uploads\/2021\/08\/PG-4-722x1024.jpg 722w, https:\/\/pajareando.co\/wp-content\/uploads\/2021\/08\/PG-4-768x1090.jpg 768w, https:\/\/pajareando.co\/wp-content\/uploads\/2021\/08\/PG-4-600x851.jpg 600w\" sizes=\"auto, (max-width: 800px) 100vw, 800px\" \/>\t\t\t\t\t\t\t<\/div>\n\t\t\t\t\t<div class=\"mkdf-ig-image\">\n\t\t\t\t\t\t\t\t\t<img loading=\"lazy\" decoding=\"async\" width=\"800\" height=\"1135\" src=\"https:\/\/pajareando.co\/wp-content\/uploads\/2021\/08\/PG-5.jpg\" class=\"attachment-full size-full\" alt=\"\" srcset=\"https:\/\/pajareando.co\/wp-content\/uploads\/2021\/08\/PG-5.jpg 800w, https:\/\/pajareando.co\/wp-content\/uploads\/2021\/08\/PG-5-211x300.jpg 211w, https:\/\/pajareando.co\/wp-content\/uploads\/2021\/08\/PG-5-722x1024.jpg 722w, https:\/\/pajareando.co\/wp-content\/uploads\/2021\/08\/PG-5-768x1090.jpg 768w, https:\/\/pajareando.co\/wp-content\/uploads\/2021\/08\/PG-5-600x851.jpg 600w\" sizes=\"auto, (max-width: 800px) 100vw, 800px\" \/>\t\t\t\t\t\t\t<\/div>\n\t\t\t<\/div>\n<\/div>[vc_column_text]<\/p>\n<h4 style=\"text-align: left;\"><span style=\"color: #339966;\"><strong>\u00a1VAMOS DE EXCURSI\u00d3N! <\/strong><\/span><\/h4>\n<p>[\/vc_column_text][vc_empty_space height=&#8221;40px&#8221;][vc_column_text]Alista ropa que te pueda cubrir y de color oscuro que te permita mezclarte entre el espeso bosque, es imp\u00f3rtate llevar repelente, si quieres tener una mejor experiencia lleva binoculares, tu celular o c\u00e1mara, no olvides llevar tus botas y por \u00faltimo una excelente actitud.<\/p>\n<p>Este recorrido empieza en el parque central de Arboledas, la caminata es de subida y el sendero es destapado, desde el momento en que inicia el recorrido se\u00a0\u00a0 escuchan algunos cantos y se comienza a visualizar unas aves muy coloridas, luego se llega al trapiche de guadua, realmente \u00a1aqu\u00ed comienza la aventura! De inmediato se puede visualizar la Piedra Gorda, lugar de una gran leyenda, se dice que esta gran roca suele abrirse en ocasiones y que posee muchas riquezas que fueron escondidas por los ind\u00edgenas en la \u00e9poca de la conquista.<\/p>\n<p>Se avanza en el recorrido y se encuentra la reserva natural, reserva que fue declarada por el alcalde de Arboledas, luego de que fuera una iniciativa de un grupo de observadores de aves del municipio al encontrar una especie de ave de nombre com\u00fan Saltar\u00edn Cabecidorada, as\u00ed como otras especies y se dieron cuenta que esa era su h\u00e1bitat, por ello deb\u00edan protegerla, de esta manera se dio la iniciativa para conservar y hacer de este territorio una reserva natural.<\/p>\n<p>Continuamos con el recorrido y adentr\u00e1ndonos en la reserva se puede observar muchas aves, escuchar sus cantos e incluso el ave pueden sentir la presencia humana y algunas se dejan visualizar muy bien adem\u00e1s de esto respirar aire fresco y natural hace que la experiencia tome m\u00e1s protagonismo, el sendero hace olvidar los sonidos de los autos, la personas caminando con af\u00e1n, el ruido de los celulares y mientras caminas por este sendero se siente tranquilidad permitiendo una gran conexi\u00f3n con la naturaleza y consigo mismo.<\/p>\n<p>La ruta nos lleva a la Lomita de la Cruz donde se puede ver el pueblo entero y sus hermosas monta\u00f1as, de aqu\u00ed solo quedan un descenso de unos cuantos metros para llegar nuevamente al coraz\u00f3n del pueblo, su parque principal.<\/p>\n<p>Vivir esta experiencia a pocos kil\u00f3metros de la capital del departamento vale la pena y si eres un experto, no solo te conectas con este hermoso pueblo, sino que podr\u00e1s tomar registro de especies \u00fanicas y encantadoras.<\/p>\n<h4><span style=\"color: #339966;\"><strong>EL RECORRIDO<\/strong><\/span><\/h4>\n<p>1.9 km y 2:55 min, fue el recorrido, algo de destacar que para avistar o pajarear se necesita paciencia, otra de las habilidades que se puede desarrollar gracias a las aves.[\/vc_column_text][vc_empty_space height=&#8221;40px&#8221;][\/vc_column][\/vc_row][vc_row][vc_column][vc_video link=&#8221;https:\/\/youtu.be\/i6MccmSlAG8&#8243;][\/vc_column][\/vc_row]<\/p>\n","protected":false},"excerpt":{"rendered":"<p>[vc_row][vc_column][vc_column_text] Si no sabes qu\u00e9 hacer en arboledas y eres amante de las aves te invitamos a realizar esta traves\u00eda con nosotros, conozcamos un poco de este sendero llamado Piedra Gorda. El punto de encuentro para iniciar esta ruta es en el parque principal, normalmente se [&hellip;]<\/p>\n","protected":false},"author":1,"featured_media":0,"parent":0,"menu_order":0,"comment_status":"closed","ping_status":"closed","template":"","meta":{"_monsterinsights_skip_tracking":false,"_monsterinsights_sitenote_active":false,"_monsterinsights_sitenote_note":"","_monsterinsights_sitenote_category":0,"footnotes":""},"categories":[],"tags":[],"class_list":["post-4051","page","type-page","status-publish","hentry"],"aioseo_notices":[],"_links":{"self":[{"href":"https:\/\/pajareando.co\/index.php\/wp-json\/wp\/v2\/pages\/4051","targetHints":{"allow":["GET"]}}],"collection":[{"href":"https:\/\/pajareando.co\/index.php\/wp-json\/wp\/v2\/pages"}],"about":[{"href":"https:\/\/pajareando.co\/index.php\/wp-json\/wp\/v2\/types\/page"}],"author":[{"embeddable":true,"href":"https:\/\/pajareando.co\/index.php\/wp-json\/wp\/v2\/users\/1"}],"replies":[{"embeddable":true,"href":"https:\/\/pajareando.co\/index.php\/wp-json\/wp\/v2\/comments?post=4051"}],"version-history":[{"count":10,"href":"https:\/\/pajareando.co\/index.php\/wp-json\/wp\/v2\/pages\/4051\/revisions"}],"predecessor-version":[{"id":4728,"href":"https:\/\/pajareando.co\/index.php\/wp-json\/wp\/v2\/pages\/4051\/revisions\/4728"}],"wp:attachment":[{"href":"https:\/\/pajareando.co\/index.php\/wp-json\/wp\/v2\/media?parent=4051"}],"wp:term":[{"taxonomy":"category","embeddable":true,"href":"https:\/\/pajareando.co\/index.php\/wp-json\/wp\/v2\/categories?post=4051"},{"taxonomy":"post_tag","embeddable":true,"href":"https:\/\/pajareando.co\/index.php\/wp-json\/wp\/v2\/tags?post=4051"}],"curies":[{"name":"wp","href":"https:\/\/api.w.org\/{rel}","templated":true}]}}