{"id":4060,"date":"2021-07-30T16:40:29","date_gmt":"2021-07-30T21:40:29","guid":{"rendered":"https:\/\/pajareando.co\/?page_id=4060"},"modified":"2021-08-13T15:45:31","modified_gmt":"2021-08-13T20:45:31","slug":"sendero-mediagua","status":"publish","type":"page","link":"https:\/\/pajareando.co\/index.php\/sendero-mediagua\/","title":{"rendered":"Sendero Mediagua"},"content":{"rendered":"<p>[vc_row][vc_column][vc_column_text]Realicemos un recuento, al llegar al municipio de Arboledas y poder disfrutar de este sendero, es importante tomar ruta a la zona rural del pueblo, se puede llegar en carro, bus, moto o como muchos de los habitantes lo hacen en caballo, pero en esta oportunidad el transporte de Viajes Jumbo, aliado estrat\u00e9gico del proyecto, \u00a0fue el encargado de este recorrido hasta la hacienda Mediagua, este es el punto de llegada y hospedaje, aqu\u00ed ya la altura sobre el nivel del mar es de 1900 es decir que se disfruta de un gran clima que fue acompa\u00f1ado de caf\u00e9 o tinto para algunos y para otros aguapanela o aguamiel caliente con queso.<\/p>\n<p>Para este recorrido es necesario tomarse m\u00ednimo 2 d\u00edas para disfrutar, conocer y vivir no solo el p\u00e1ramo, el bosque de niebla, sino avistar aves maravillosas. Alrededor de la hacienda se pueden encontrar frutas como las moras silvestres, se dice que las com\u00edan los antepasados para recargar energ\u00edas, importante, esta es una planta que tiene muchas espinas por lo que hay que tener cuidado al momento de extraer una.<\/p>\n<p>Durante el primer d\u00eda se realiza un recorrido corto cerca de la casa para conocer sus alrededores y familiarizarse con el lugar, ya all\u00ed se comienzan avistar aves, puesto que estas vuelan y se posan en los \u00e1rboles o plantas que est\u00e1n a pocos pasos de la vivienda, escuchar los trinos se convierte en otro de los elementos del paisaje, a parte de las enormes monta\u00f1as y del viento suave pero fr\u00edo que susurra al pasar.<\/p>\n<p>Con comida hecha en le\u00f1a y luego de algunos registros fotogr\u00e1ficos de las aves, historias, coplas y risas llega al momento de descansar para poder madrugar e iniciar el recorrido con una buena taza de caf\u00e9, desayuno y ver orde\u00f1ar las vacas, es el momento de comenzar a caminar rumbo a descubrir m\u00e1s aves \u00fanicas.[\/vc_column_text][vc_empty_space height=&#8221;20px&#8221;]<div class=\"mkdf-image-gallery  mkdf-ig-carousel-type mkdf-three-columns mkdf-tiny-space  \">\n\t<div class=\"mkdf-ig-slider mkdf-owl-slider\" data-number-of-items=\"3\" data-enable-loop=\"yes\" data-enable-autoplay=\"yes\" data-slider-speed=\"5000\" data-slider-speed-animation=\"600\" data-slider-padding=\"no\" data-enable-navigation=\"yes\" data-enable-pagination=\"no\">\n\t\t\t\t\t<div class=\"mkdf-ig-image\">\n\t\t\t\t\t\t\t\t\t<img loading=\"lazy\" decoding=\"async\" width=\"800\" height=\"1135\" src=\"https:\/\/pajareando.co\/wp-content\/uploads\/2021\/08\/MEDI-3.jpg\" class=\"attachment-full size-full\" alt=\"\" srcset=\"https:\/\/pajareando.co\/wp-content\/uploads\/2021\/08\/MEDI-3.jpg 800w, https:\/\/pajareando.co\/wp-content\/uploads\/2021\/08\/MEDI-3-211x300.jpg 211w, https:\/\/pajareando.co\/wp-content\/uploads\/2021\/08\/MEDI-3-722x1024.jpg 722w, https:\/\/pajareando.co\/wp-content\/uploads\/2021\/08\/MEDI-3-768x1090.jpg 768w, https:\/\/pajareando.co\/wp-content\/uploads\/2021\/08\/MEDI-3-600x851.jpg 600w\" sizes=\"auto, (max-width: 800px) 100vw, 800px\" \/>\t\t\t\t\t\t\t<\/div>\n\t\t\t\t\t<div class=\"mkdf-ig-image\">\n\t\t\t\t\t\t\t\t\t<img loading=\"lazy\" decoding=\"async\" width=\"800\" height=\"1135\" src=\"https:\/\/pajareando.co\/wp-content\/uploads\/2021\/08\/MEDI-2.jpg\" class=\"attachment-full size-full\" alt=\"\" srcset=\"https:\/\/pajareando.co\/wp-content\/uploads\/2021\/08\/MEDI-2.jpg 800w, https:\/\/pajareando.co\/wp-content\/uploads\/2021\/08\/MEDI-2-211x300.jpg 211w, https:\/\/pajareando.co\/wp-content\/uploads\/2021\/08\/MEDI-2-722x1024.jpg 722w, https:\/\/pajareando.co\/wp-content\/uploads\/2021\/08\/MEDI-2-768x1090.jpg 768w, https:\/\/pajareando.co\/wp-content\/uploads\/2021\/08\/MEDI-2-600x851.jpg 600w\" sizes=\"auto, (max-width: 800px) 100vw, 800px\" \/>\t\t\t\t\t\t\t<\/div>\n\t\t\t\t\t<div class=\"mkdf-ig-image\">\n\t\t\t\t\t\t\t\t\t<img loading=\"lazy\" decoding=\"async\" width=\"800\" height=\"1135\" src=\"https:\/\/pajareando.co\/wp-content\/uploads\/2021\/08\/MEDI-1.jpg\" class=\"attachment-full size-full\" alt=\"\" srcset=\"https:\/\/pajareando.co\/wp-content\/uploads\/2021\/08\/MEDI-1.jpg 800w, https:\/\/pajareando.co\/wp-content\/uploads\/2021\/08\/MEDI-1-211x300.jpg 211w, https:\/\/pajareando.co\/wp-content\/uploads\/2021\/08\/MEDI-1-722x1024.jpg 722w, https:\/\/pajareando.co\/wp-content\/uploads\/2021\/08\/MEDI-1-768x1090.jpg 768w, https:\/\/pajareando.co\/wp-content\/uploads\/2021\/08\/MEDI-1-600x851.jpg 600w\" sizes=\"auto, (max-width: 800px) 100vw, 800px\" \/>\t\t\t\t\t\t\t<\/div>\n\t\t\t<\/div>\n<\/div>[vc_empty_space height=&#8221;20px&#8221;][vc_column_text]<\/p>\n<h4><strong><span style=\"color: #339966;\">AS\u00cd INICIAMOS<\/span><\/strong><\/h4>\n<p>Un \u00e1rbol de uvo fue el encargado de deleitar la aventura puesto que una gran variedad de aves de diferentes tama\u00f1os se posaba en \u00e9l, este punto estrat\u00e9gico tambi\u00e9n dej\u00f3 ver la inmensidad del paisaje y \u00e1rboles de diferentes especies como Yagrumo e incluso Arrayanes.<\/p>\n<p>M\u00e1s adelante aparecen unas grandes rocas rodeadas de mucha vegetaci\u00f3n, que en la \u00e9poca antigua funcion\u00f3 como camino real, y en esta oportunidad fue el perfecto espacio para tomar el primer descanso.<\/p>\n<p>Durante el recorrido se realizaron otras paradas para ir registrando las aves avistadas y con ello tomar fuerzas y continuar, la altura hace que la respiraci\u00f3n sea un poco m\u00e1s pesada, pero la maravilla del lugar hace que todo valga la pena, tan solo sentir el descanso de la ajetreada ciudad es un plan que todos deber\u00edan tomar. Un pedazo de panela y queso de hoja son los encargados de aportar las energ\u00edas para seguir.<\/p>\n<p>Luego de aproximadamente 2 horas de la ruta se llega a una gran zona plana en donde hay majestuosos caballos que con su hermoso galope colorean el lugar, ellos tambi\u00e9n disfrutaron de un trozo de panela, y el agua natural que baja por una manguera fue la encargada de calmar la sed y gozar nuevamente de un trozo de panela con queso.<\/p>\n<h4><strong><span style=\"color: #339966;\">EL DESCENSO <\/span><\/strong><\/h4>\n<p>Aqu\u00ed se practica senderismo, avistamiento de aves, es un turismo de experiencia de principio a fin. Bajar por una zona muy empinada y con muchas rocas es ahora el paisaje de regreso a la hacienda, en la primera parada la protagonista fue una gran quebrada y un bosque con vegetaci\u00f3n muy h\u00fameda, as\u00ed como se ven en las pel\u00edculas, luego aparece de nuevo el \u00e1rbol de uvo y el punto de encuentro inicial la Hacienda.<\/p>\n<h4><strong><span style=\"color: #339966;\">EL RECORRIDO<\/span><\/strong><\/h4>\n<p>4.5 km y 5:33 min, fue el recorrido, algo de destacar que para avistar o pajarear se necesita paciencia, otra de las habilidades que se puede desarrollar gracias a las aves.[\/vc_column_text][vc_empty_space height=&#8221;20px&#8221;][vc_empty_space height=&#8221;20px&#8221;][\/vc_column][\/vc_row][vc_row][vc_column][vc_video link=&#8221;https:\/\/youtu.be\/8moRoiSk_PI&#8221; el_aspect=&#8221;43&#8243; align=&#8221;center&#8221;][\/vc_column][\/vc_row][vc_row][vc_column][\/vc_column][\/vc_row]<\/p>\n","protected":false},"excerpt":{"rendered":"<p>[vc_row][vc_column][vc_column_text]Realicemos un recuento, al llegar al municipio de Arboledas y poder disfrutar de este sendero, es importante tomar ruta a la zona rural del pueblo, se puede llegar en carro, bus, moto o como muchos de los habitantes lo hacen en caballo, pero en esta oportunidad [&hellip;]<\/p>\n","protected":false},"author":1,"featured_media":0,"parent":0,"menu_order":0,"comment_status":"closed","ping_status":"closed","template":"","meta":{"_monsterinsights_skip_tracking":false,"_monsterinsights_sitenote_active":false,"_monsterinsights_sitenote_note":"","_monsterinsights_sitenote_category":0,"footnotes":""},"categories":[],"tags":[],"class_list":["post-4060","page","type-page","status-publish","hentry"],"aioseo_notices":[],"_links":{"self":[{"href":"https:\/\/pajareando.co\/index.php\/wp-json\/wp\/v2\/pages\/4060","targetHints":{"allow":["GET"]}}],"collection":[{"href":"https:\/\/pajareando.co\/index.php\/wp-json\/wp\/v2\/pages"}],"about":[{"href":"https:\/\/pajareando.co\/index.php\/wp-json\/wp\/v2\/types\/page"}],"author":[{"embeddable":true,"href":"https:\/\/pajareando.co\/index.php\/wp-json\/wp\/v2\/users\/1"}],"replies":[{"embeddable":true,"href":"https:\/\/pajareando.co\/index.php\/wp-json\/wp\/v2\/comments?post=4060"}],"version-history":[{"count":8,"href":"https:\/\/pajareando.co\/index.php\/wp-json\/wp\/v2\/pages\/4060\/revisions"}],"predecessor-version":[{"id":4609,"href":"https:\/\/pajareando.co\/index.php\/wp-json\/wp\/v2\/pages\/4060\/revisions\/4609"}],"wp:attachment":[{"href":"https:\/\/pajareando.co\/index.php\/wp-json\/wp\/v2\/media?parent=4060"}],"wp:term":[{"taxonomy":"category","embeddable":true,"href":"https:\/\/pajareando.co\/index.php\/wp-json\/wp\/v2\/categories?post=4060"},{"taxonomy":"post_tag","embeddable":true,"href":"https:\/\/pajareando.co\/index.php\/wp-json\/wp\/v2\/tags?post=4060"}],"curies":[{"name":"wp","href":"https:\/\/api.w.org\/{rel}","templated":true}]}}