{"id":4653,"date":"2021-08-17T16:24:50","date_gmt":"2021-08-17T21:24:50","guid":{"rendered":"https:\/\/pajareando.co\/?page_id=4653"},"modified":"2021-08-24T15:27:40","modified_gmt":"2021-08-24T20:27:40","slug":"las-7-montanas","status":"publish","type":"page","link":"https:\/\/pajareando.co\/index.php\/las-7-montanas\/","title":{"rendered":"Las 7 Monta\u00f1as"},"content":{"rendered":"<p>[vc_row][vc_column width=&#8221;1\/2&#8243;][vc_empty_space height=&#8221;20px&#8221;][vc_column_text]Arboledas es un municipio que se encuentra en un valle rodeado de 7 colinas que son las guardianas de este hermoso territorio; en el pueblo la gente le tiene nombre a cada una de ellas y justamente son lo primero que ven cuando abren cada ma\u00f1ana o cualquier hora del d\u00eda las puertas de sus\u00a0casas.<\/p>\n<p>Comencemos con <strong><span style=\"color: #339966;\">Bellavista<\/span><\/strong> que tiene forma de cono y es una de las monta\u00f1as m\u00e1s altas, luego continua <strong><span style=\"color: #339966;\">San Jos\u00e9 de la Monta\u00f1a<\/span><\/strong> en donde converge el r\u00edo Arboledas y el r\u00edo Cucutilla y en esa base toma el r\u00edo Zulia su nombre.<\/p>\n<p><strong><span style=\"color: #339966;\">Rudeta<\/span><\/strong> nombre de origen ancestral es la que est\u00e1 ubicada enfrente del parque principal, luego aparece la <strong><span style=\"color: #339966;\">M\u00facura<\/span><\/strong> que toma protagonismo por su buen estado de conservaci\u00f3n con \u00e1rboles gigantes y frondosos, un bosque casi virgen objeto de una leyenda.[\/vc_column_text][\/vc_column][vc_column width=&#8221;1\/2&#8243;][vc_empty_space height=&#8221;20px&#8221;][vc_column_text]Luego se encuentra <strong><span style=\"color: #339966;\">Cabeza de Vaca<\/span><\/strong> que es el sitio donde se divisa todo el valle y donde los espa\u00f1oles llegaron por primera vez e hicieron una descripci\u00f3n del territorio, por otra parte, <strong><span style=\"color: #339966;\">Chicagu\u00e1<\/span><\/strong> tambi\u00e9n lleva un nombre ancestral con la particularidad de sus 4 cascadas.<\/p>\n<p>Finalmente, la s\u00e9ptima monta\u00f1a <strong><span style=\"color: #339966;\">las Guacamayas,<\/span><\/strong> donde se pueden visualizar varias especies de loros y en tiempos m\u00e1s remotos cuando tom\u00f3 su nombre tal vez exist\u00edan las coloridas Guacamayas y se encuentra muy cercana al casco urbano.<\/p>\n<p>Estos son los nombres de las 7 guardianas del centro poblado del\u00a0municipio de Arboledas, \u00bfqu\u00e9 esperas para visitarnos?<\/p>\n<p>[\/vc_column_text][\/vc_column][\/vc_row][vc_row][vc_column][vc_empty_space height=&#8221;30px&#8221;][\/vc_column][\/vc_row][vc_row][vc_column]<div class=\"mkdf-image-gallery  mkdf-ig-carousel-type mkdf-three-columns mkdf-tiny-space  \">\n\t<div class=\"mkdf-ig-slider mkdf-owl-slider\" data-number-of-items=\"3\" data-enable-loop=\"yes\" data-enable-autoplay=\"yes\" data-slider-speed=\"5000\" data-slider-speed-animation=\"600\" data-slider-padding=\"no\" data-enable-navigation=\"yes\" data-enable-pagination=\"no\">\n\t\t\t\t\t<div class=\"mkdf-ig-image\">\n\t\t\t\t\t\t\t\t\t<img loading=\"lazy\" decoding=\"async\" width=\"800\" height=\"1135\" src=\"https:\/\/pajareando.co\/wp-content\/uploads\/2021\/08\/slider-mucura.png\" class=\"attachment-full size-full\" alt=\"\" srcset=\"https:\/\/pajareando.co\/wp-content\/uploads\/2021\/08\/slider-mucura.png 800w, https:\/\/pajareando.co\/wp-content\/uploads\/2021\/08\/slider-mucura-211x300.png 211w, https:\/\/pajareando.co\/wp-content\/uploads\/2021\/08\/slider-mucura-722x1024.png 722w, https:\/\/pajareando.co\/wp-content\/uploads\/2021\/08\/slider-mucura-768x1090.png 768w, https:\/\/pajareando.co\/wp-content\/uploads\/2021\/08\/slider-mucura-600x851.png 600w\" sizes=\"auto, (max-width: 800px) 100vw, 800px\" \/>\t\t\t\t\t\t\t<\/div>\n\t\t\t\t\t<div class=\"mkdf-ig-image\">\n\t\t\t\t\t\t\t\t\t<img loading=\"lazy\" decoding=\"async\" width=\"800\" height=\"1135\" src=\"https:\/\/pajareando.co\/wp-content\/uploads\/2021\/08\/slider-feliciana-1.png\" class=\"attachment-full size-full\" alt=\"\" srcset=\"https:\/\/pajareando.co\/wp-content\/uploads\/2021\/08\/slider-feliciana-1.png 800w, https:\/\/pajareando.co\/wp-content\/uploads\/2021\/08\/slider-feliciana-1-211x300.png 211w, https:\/\/pajareando.co\/wp-content\/uploads\/2021\/08\/slider-feliciana-1-722x1024.png 722w, https:\/\/pajareando.co\/wp-content\/uploads\/2021\/08\/slider-feliciana-1-768x1090.png 768w, https:\/\/pajareando.co\/wp-content\/uploads\/2021\/08\/slider-feliciana-1-600x851.png 600w\" sizes=\"auto, (max-width: 800px) 100vw, 800px\" \/>\t\t\t\t\t\t\t<\/div>\n\t\t\t\t\t<div class=\"mkdf-ig-image\">\n\t\t\t\t\t\t\t\t\t<img loading=\"lazy\" decoding=\"async\" width=\"800\" height=\"1135\" src=\"https:\/\/pajareando.co\/wp-content\/uploads\/2021\/08\/Slider-Aventura.png\" class=\"attachment-full size-full\" alt=\"\" srcset=\"https:\/\/pajareando.co\/wp-content\/uploads\/2021\/08\/Slider-Aventura.png 800w, https:\/\/pajareando.co\/wp-content\/uploads\/2021\/08\/Slider-Aventura-211x300.png 211w, https:\/\/pajareando.co\/wp-content\/uploads\/2021\/08\/Slider-Aventura-722x1024.png 722w, https:\/\/pajareando.co\/wp-content\/uploads\/2021\/08\/Slider-Aventura-768x1090.png 768w, https:\/\/pajareando.co\/wp-content\/uploads\/2021\/08\/Slider-Aventura-600x851.png 600w\" sizes=\"auto, (max-width: 800px) 100vw, 800px\" \/>\t\t\t\t\t\t\t<\/div>\n\t\t\t\t\t<div class=\"mkdf-ig-image\">\n\t\t\t\t\t\t\t\t\t<img loading=\"lazy\" decoding=\"async\" width=\"800\" height=\"1135\" src=\"https:\/\/pajareando.co\/wp-content\/uploads\/2021\/08\/Slider-Aventura-piedra.png\" class=\"attachment-full size-full\" alt=\"\" srcset=\"https:\/\/pajareando.co\/wp-content\/uploads\/2021\/08\/Slider-Aventura-piedra.png 800w, https:\/\/pajareando.co\/wp-content\/uploads\/2021\/08\/Slider-Aventura-piedra-211x300.png 211w, https:\/\/pajareando.co\/wp-content\/uploads\/2021\/08\/Slider-Aventura-piedra-722x1024.png 722w, https:\/\/pajareando.co\/wp-content\/uploads\/2021\/08\/Slider-Aventura-piedra-768x1090.png 768w, https:\/\/pajareando.co\/wp-content\/uploads\/2021\/08\/Slider-Aventura-piedra-600x851.png 600w\" sizes=\"auto, (max-width: 800px) 100vw, 800px\" \/>\t\t\t\t\t\t\t<\/div>\n\t\t\t<\/div>\n<\/div>[\/vc_column][\/vc_row]<\/p>\n","protected":false},"excerpt":{"rendered":"<p>[vc_row][vc_column width=&#8221;1\/2&#8243;][vc_empty_space height=&#8221;20px&#8221;][vc_column_text]Arboledas es un municipio que se encuentra en un valle rodeado de 7 colinas que son las guardianas de este hermoso territorio; en el pueblo la gente le tiene nombre a cada una de ellas y justamente son lo primero que ven cuando abren [&hellip;]<\/p>\n","protected":false},"author":1,"featured_media":0,"parent":0,"menu_order":0,"comment_status":"closed","ping_status":"closed","template":"","meta":{"_monsterinsights_skip_tracking":false,"_monsterinsights_sitenote_active":false,"_monsterinsights_sitenote_note":"","_monsterinsights_sitenote_category":0,"footnotes":""},"categories":[],"tags":[],"class_list":["post-4653","page","type-page","status-publish","hentry"],"aioseo_notices":[],"_links":{"self":[{"href":"https:\/\/pajareando.co\/index.php\/wp-json\/wp\/v2\/pages\/4653","targetHints":{"allow":["GET"]}}],"collection":[{"href":"https:\/\/pajareando.co\/index.php\/wp-json\/wp\/v2\/pages"}],"about":[{"href":"https:\/\/pajareando.co\/index.php\/wp-json\/wp\/v2\/types\/page"}],"author":[{"embeddable":true,"href":"https:\/\/pajareando.co\/index.php\/wp-json\/wp\/v2\/users\/1"}],"replies":[{"embeddable":true,"href":"https:\/\/pajareando.co\/index.php\/wp-json\/wp\/v2\/comments?post=4653"}],"version-history":[{"count":8,"href":"https:\/\/pajareando.co\/index.php\/wp-json\/wp\/v2\/pages\/4653\/revisions"}],"predecessor-version":[{"id":4656,"href":"https:\/\/pajareando.co\/index.php\/wp-json\/wp\/v2\/pages\/4653\/revisions\/4656"}],"wp:attachment":[{"href":"https:\/\/pajareando.co\/index.php\/wp-json\/wp\/v2\/media?parent=4653"}],"wp:term":[{"taxonomy":"category","embeddable":true,"href":"https:\/\/pajareando.co\/index.php\/wp-json\/wp\/v2\/categories?post=4653"},{"taxonomy":"post_tag","embeddable":true,"href":"https:\/\/pajareando.co\/index.php\/wp-json\/wp\/v2\/tags?post=4653"}],"curies":[{"name":"wp","href":"https:\/\/api.w.org\/{rel}","templated":true}]}}