{"id":4664,"date":"2021-08-17T17:18:37","date_gmt":"2021-08-17T22:18:37","guid":{"rendered":"https:\/\/pajareando.co\/?page_id=4664"},"modified":"2021-09-15T16:29:21","modified_gmt":"2021-09-15T21:29:21","slug":"la-mucura","status":"publish","type":"page","link":"https:\/\/pajareando.co\/index.php\/la-mucura\/","title":{"rendered":"La M\u00facura"},"content":{"rendered":"<p>[vc_row][vc_column width=&#8221;1\/2&#8243;][vc_empty_space height=&#8221;20px&#8221;][vc_column_text]Se dice que en la monta\u00f1a La M\u00facura vive una abuelita que todo el mundo que la ha conocido manifiestan que es una persona de avanzada edad, y que hoy en d\u00eda tiene m\u00e1s de 100 a\u00f1os.<\/p>\n<p>Esta historia comienza en una feria de exposici\u00f3n de ganado que hicieron en el municipio de Arboledas en donde cada campesino tra\u00eda los ejemplares m\u00e1s bonitos, m\u00e1s grandes, m\u00e1s vistosos, aquellos que los hac\u00eda sentir orgullosos, a esa feria lleg\u00f3 la abuelita, dicen los lugare\u00f1os que ella casi nunca bajaba al pueblo, pero ese d\u00eda lleg\u00f3 con un toro inmenso, inmensamente grande que sobrepasaba cualquier posibilidad para que otros competidores pudiera ganarle y efectivamente el premio mayor se lo llev\u00f3 La M\u00facura, nombre que le dieron los habitantes a la se\u00f1ora.<\/p>\n<p>Pasado un a\u00f1o volvieron a realizar otra edici\u00f3n de la feria de exposici\u00f3n equina y nuevamente lleg\u00f3 la M\u00facura con otro animal impresionante, pero esta vez decidieron darle un premio especial para que los otros paisanos pudieran participar, porque sin duda alguna ella no ten\u00eda rivales y era evidente un triunfo m\u00e1s.<\/p>\n<p>La gente en Arboledas dicen que la monta\u00f1a donde vive la abuelita est\u00e1 encantada, y\u00a0 cuentan que si necesitan una especie de \u00e1rbol que solo est\u00e1 en ese lugar es imposible tumbarlo o trasladarlo; pues es una monta\u00f1a muy primitiva, una selva virgen por lo que acceder a ella es una cuesti\u00f3n complicada; otros lugare\u00f1os manifiestan que han intentado acercarse a la monta\u00f1a pero de un momento a otro comienza\u00a0 a llover, a tronar y es en ese instante donde aparece la misma se\u00f1ora que vive en la monta\u00f1a, tambi\u00e9n se dice que ella es una bruja, que emerge all\u00e1 en la bruma (neblina) y amenaza a la gente con matarlos si llegan a tumbar\u00a0 \u00e1rboles o a da\u00f1ar la monta\u00f1a.<\/p>\n<p>A los cazadores tambi\u00e9n le sale la M\u00facura, hace pocos a\u00f1os un vecino que ten\u00eda como costumbre cazar animales, se adentr\u00f3 en la monta\u00f1a buscando una guartinaje y lo encontraron a los 15 d\u00edas sin vida, dicen que la M\u00facura no tiene piedad de quienes tienen esta afici\u00f3n y se adentran en sus predios, \u00bfverdad o mito? No sabemos, pero gracias a esta historia la monta\u00f1a se ha conservado en muy buen estado.<\/p>\n<p>Los campesinos que viven muy cerca del lugar aseguran que all\u00ed se encuentran osos de anteojos, pumas, dantas y animales en peligro de extinci\u00f3n por la expansi\u00f3n de las fronteras agr\u00edcolas y la urbanizaci\u00f3n del territorio.<\/p>\n<p>A partir de estas narraciones y del voz a voz de los habitantes del pueblo fue que se le dio forma a esta famosa leyenda, por lo que a la monta\u00f1a la llamaron La M\u00facura.[\/vc_column_text][\/vc_column][vc_column width=&#8221;1\/2&#8243;][vc_empty_space height=&#8221;60px&#8221;][vc_empty_space height=&#8221;90px&#8221;][vc_single_image image=&#8221;4847&#8243; img_size=&#8221;large&#8221; alignment=&#8221;center&#8221;][\/vc_column][\/vc_row][vc_row][vc_column][vc_empty_space height=&#8221;30px&#8221;][\/vc_column][\/vc_row]<\/p>\n","protected":false},"excerpt":{"rendered":"<p>[vc_row][vc_column width=&#8221;1\/2&#8243;][vc_empty_space height=&#8221;20px&#8221;][vc_column_text]Se dice que en la monta\u00f1a La M\u00facura vive una abuelita que todo el mundo que la ha conocido manifiestan que es una persona de avanzada edad, y que hoy en d\u00eda tiene m\u00e1s de 100 a\u00f1os. Esta historia comienza en una feria de [&hellip;]<\/p>\n","protected":false},"author":1,"featured_media":0,"parent":0,"menu_order":0,"comment_status":"closed","ping_status":"closed","template":"","meta":{"_monsterinsights_skip_tracking":false,"_monsterinsights_sitenote_active":false,"_monsterinsights_sitenote_note":"","_monsterinsights_sitenote_category":0,"footnotes":""},"categories":[],"tags":[],"class_list":["post-4664","page","type-page","status-publish","hentry"],"aioseo_notices":[],"_links":{"self":[{"href":"https:\/\/pajareando.co\/index.php\/wp-json\/wp\/v2\/pages\/4664","targetHints":{"allow":["GET"]}}],"collection":[{"href":"https:\/\/pajareando.co\/index.php\/wp-json\/wp\/v2\/pages"}],"about":[{"href":"https:\/\/pajareando.co\/index.php\/wp-json\/wp\/v2\/types\/page"}],"author":[{"embeddable":true,"href":"https:\/\/pajareando.co\/index.php\/wp-json\/wp\/v2\/users\/1"}],"replies":[{"embeddable":true,"href":"https:\/\/pajareando.co\/index.php\/wp-json\/wp\/v2\/comments?post=4664"}],"version-history":[{"count":16,"href":"https:\/\/pajareando.co\/index.php\/wp-json\/wp\/v2\/pages\/4664\/revisions"}],"predecessor-version":[{"id":4995,"href":"https:\/\/pajareando.co\/index.php\/wp-json\/wp\/v2\/pages\/4664\/revisions\/4995"}],"wp:attachment":[{"href":"https:\/\/pajareando.co\/index.php\/wp-json\/wp\/v2\/media?parent=4664"}],"wp:term":[{"taxonomy":"category","embeddable":true,"href":"https:\/\/pajareando.co\/index.php\/wp-json\/wp\/v2\/categories?post=4664"},{"taxonomy":"post_tag","embeddable":true,"href":"https:\/\/pajareando.co\/index.php\/wp-json\/wp\/v2\/tags?post=4664"}],"curies":[{"name":"wp","href":"https:\/\/api.w.org\/{rel}","templated":true}]}}