{"id":4679,"date":"2021-08-19T15:10:57","date_gmt":"2021-08-19T20:10:57","guid":{"rendered":"https:\/\/pajareando.co\/?page_id=4679"},"modified":"2021-08-31T15:29:00","modified_gmt":"2021-08-31T20:29:00","slug":"mitos-y-leyendas","status":"publish","type":"page","link":"https:\/\/pajareando.co\/index.php\/mitos-y-leyendas\/","title":{"rendered":"Mitos y Leyendas"},"content":{"rendered":"<p>[vc_row row_content_width=&#8221;grid&#8221; css=&#8221;.vc_custom_1629233572118{padding-top: 40px !important;padding-bottom: 15px !important;}&#8221;][vc_column offset=&#8221;vc_col-lg-offset-3 vc_col-lg-6 vc_col-md-offset-2 vc_col-md-8&#8243;]<div class=\"mkdf-section-title-holder   mkdf-st-highlight\" style=\"padding: 0 2%;text-align: left\">\n\t<div class=\"mkdf-st-inner\">\n\t\t\t\t\t\t\t<h5 class=\"mkdf-st-title\" >\n                            \u00a1Que la <span class=\"mkdf-st-highlight-title-holder\" style=\"color: #ecebe1\">\n                                                        <span class=\"mkdf-st-highlight-title\" style=\"color: #59815b\">tradici\u00f3n<\/span>\n                                                        <span class=\"mkdf-st-highlight\">\n                                                        <svg version=\"1.1\" xmlns=\"http:\/\/www.w3.org\/2000\/svg\" xmlns:xlink=\"http:\/\/www.w3.org\/1999\/xlink\" x=\"0px\" y=\"0px\" viewBox=\"0 0 15.7 30\" style=\"enable-background:new 0 0 15.7 30;\" xml:space=\"preserve\" class=\"mkdf-active-hover-left\"><polygon class=\"st0\" points=\"2.6,1 0.7,3.3 2,5.8 2.3,7.6 2.9,8.7 4.4,10.5 3.9,10.8 4.4,11.9 4.4,12.8 4.1,13.8 3.3,14.7 3.9,15.8 4.4,16.8 4,17.5 3.5,18.1 2.2,20.2 3.4,21.5 4.2,24.1 3.4,25.4 2.5,27.4 2.5,27.8 3.2,28.3 4.1,28.5 4.9,29 14.8,29 14.8,1 \"\/><\/svg>\n                                                        <span class=\"mkdf-active-hover-middle\"><\/span>\n                                                        <svg version=\"1.1\" xmlns=\"http:\/\/www.w3.org\/2000\/svg\" xmlns:xlink=\"http:\/\/www.w3.org\/1999\/xlink\" x=\"0px\" y=\"0px\" viewBox=\"0 0 13.3 30\" style=\"enable-background:new 0 0 13.3 30;\" xml:space=\"preserve\" class=\"mkdf-active-hover-right\"><polygon class=\"st0\" points=\"10,1 10.2,2.1 10.6,2.9 10.6,3.3 10.8,3.7 10.8,4.3 11,5 11,5.7 11,6.3 10.5,6.7 10.8,7.3 11,7.8 \t11.6,8.3 11.6,8.6 11.5,8.9 11.6,9.9 11.6,10.5 12.4,11.6 12.1,12 12.4,12.2 11.8,12.8 11.4,13.5 11.6,13.7 11.9,13.7 12,13.9 11.5,15.1 10.8,16 9.1,17.7 9.7,18.2 9.3,19 9.7,19.8 9.6,20.6 9.7,21.5 9.6,21.9 9.6,22.3 10.1,22.8 9.6,23.6 9.7,24 9.7,24.2 9.9,24.4 9.5,24.7 9.3,25.4 9.3,25.9 8.8,26.2 8.5,27.1 8.8,27.8 9.4,28.6 7.8,29 0.9,29 0.9,1 \"\/><\/svg>\n                                                        <\/span>\n                                                    <\/span> oral no se pierda!            \t\t\t<\/h5>\n\t\t\t\t\t\t\t<p class=\"mkdf-st-text \" style=\"font-style: normal;font-size: 18px;line-height: 26px\">\n            \t            Revive historias como la Feliciana, la M\u00facura, Chicagu\u00e1, Piedra Gorda, las 7 Monta\u00f1as entre otras, y deja que el misterio y la fantas\u00eda te transporten a lo largo del tiempo.            \t\t\t<\/p>\n\t\t\t\t\t<\/div>\n<\/div>[\/vc_column][\/vc_row][vc_row row_content_width=&#8221;grid&#8221; css=&#8221;.vc_custom_1571404247973{padding-top: 30px !important;background-position: center !important;background-repeat: no-repeat !important;background-size: cover !important;}&#8221;][vc_column]<div class=\"mkdf-elements-holder   mkdf-two-columns  mkdf-responsive-mode-1024 mkdf-one-column-alignment-left\" ><div class=\"mkdf-eh-item    \"  data-item-class=\"mkdf-eh-custom-9678\" data-1400-1600=\"0 0 0 0\" data-1025-1399=\"0 0 0 0\" data-769-1024=\"68px 0 0 0\" data-681-768=\"68px 0 0 0\" data-680=\"68px 0 0 0\">\n\t<div class=\"mkdf-eh-item-inner\">\n\t\t<div class=\"mkdf-eh-item-content mkdf-eh-custom-9678\" style=\"padding: 0 0 0 0\">\n\t\t\t<div class=\"mkdf-section-title-holder   mkdf-right-align\" style=\"text-align: right\">\n\t<div class=\"mkdf-st-inner\">\n\t\t\t\t\t\t\t<h3 class=\"mkdf-st-title\" >\n                            La Feliciana            \t\t\t<\/h3>\n\t\t\t\t\t\t\t<p class=\"mkdf-st-text \" style=\"font-size: 18px;line-height: 26px\">\n            \t            La historia de la Feliciana se basa en una historia real, dicen quienes vivieron en la zona, que en un recodo que tiene el r\u00edo Arboledas donde a lo largo de muchos a\u00f1os se ha formado un ca\u00f1\u00f3n en medio de unas rocas que este ha socavado, ah\u00ed donde llega el r\u00edo y rompe la roca se fue creando una especie de canal, y por si fuera poco tambi\u00e9n pega de frente contra una monta\u00f1a ...            \t\t\t<\/p>\n\t\t\t\t\t\t\t<div class=\"mkdf-st-button\"><a itemprop=\"url\" href=\"https:\/\/pajareando.co\/index.php\/feliciana\/\" target=\"_self\"  class=\"mkdf-btn mkdf-btn-medium mkdf-btn-solid mkdf-btn-svg-icon\"  >    <span class=\"mkdf-btn-text\">Leer m\u00e1s<\/span>\t\t\t<svg version=\"1.1\" id=\"Layer_1\" xmlns=\"http:\/\/www.w3.org\/2000\/svg\" xmlns:xlink=\"http:\/\/www.w3.org\/1999\/xlink\" x=\"0px\" y=\"0px\"\t\t     viewBox=\"0 0 17 17\" style=\"enable-background:new 0 0 17 17;\" xml:space=\"preserve\">\t\t\t<g>\t\t\t\t<path d=\"M15,1.9\"\/>\t\t\t\t<line x1=\"1.7\" y1=\"15.3\" x2=\"15\" y2=\"1.9\"\/>\t\t\t\t<line x1=\"16\" y1=\"1.9\" x2=\"15\" y2=\"1.9\"\/>\t\t\t\t<line x1=\"15\" y1=\"1.9\" x2=\"1\" y2=\"1.9\"\/>\t\t\t\t<path d=\"M15,1.9\"\/>\t\t\t\t<line x1=\"15\" y1=\"16\" x2=\"15\" y2=\"1.9\"\/>\t\t\t<\/g><\/svg>\t\t<svg version=\"1.1\" id=\"Layer_1\" xmlns=\"http:\/\/www.w3.org\/2000\/svg\" xmlns:xlink=\"http:\/\/www.w3.org\/1999\/xlink\" x=\"0px\" y=\"0px\"\t\t     viewBox=\"0 0 17 17\" style=\"enable-background:new 0 0 17 17;\" xml:space=\"preserve\">\t\t\t<g>\t\t\t\t<path d=\"M15,1.9\"\/>\t\t\t\t<line x1=\"1.7\" y1=\"15.3\" x2=\"15\" y2=\"1.9\"\/>\t\t\t\t<line  x1=\"16\" y1=\"1.9\" x2=\"15\" y2=\"1.9\"\/>\t\t\t\t<line x1=\"15\" y1=\"1.9\" x2=\"1\" y2=\"1.9\"\/>\t\t\t\t<path d=\"M15,1.9\"\/>\t\t\t\t<line x1=\"15\" y1=\"16\" x2=\"15\" y2=\"1.9\"\/>\t\t\t<\/g><\/svg>\t<\/a><\/div>\n\t\t\t<\/div>\n<\/div>\t\t<\/div>\n\t<\/div>\n<\/div><div class=\"mkdf-eh-item    \"  data-item-class=\"mkdf-eh-custom-7526\" data-1400-1600=\"0 40px 0 0\" data-1025-1399=\"0 40px 0 0\" data-769-1024=\"0 17% 0 0\" data-681-768=\"0 32% 0 0\">\n\t<div class=\"mkdf-eh-item-inner\">\n\t\t<div class=\"mkdf-eh-item-content mkdf-eh-custom-7526\" style=\"padding: 0 70px 0 0\">\n\t\t\t<div class=\"mkdf-single-image-holder   \">\n    <div class=\"mkdf-si-inner\" >\n                                    <img loading=\"lazy\" decoding=\"async\" width=\"1674\" height=\"1388\" src=\"https:\/\/pajareando.co\/wp-content\/uploads\/2021\/08\/la-feliciana.png\" class=\"attachment-full size-full\" alt=\"\" srcset=\"https:\/\/pajareando.co\/wp-content\/uploads\/2021\/08\/la-feliciana.png 1674w, https:\/\/pajareando.co\/wp-content\/uploads\/2021\/08\/la-feliciana-300x249.png 300w, https:\/\/pajareando.co\/wp-content\/uploads\/2021\/08\/la-feliciana-1024x849.png 1024w, https:\/\/pajareando.co\/wp-content\/uploads\/2021\/08\/la-feliciana-768x637.png 768w, https:\/\/pajareando.co\/wp-content\/uploads\/2021\/08\/la-feliciana-1536x1274.png 1536w, https:\/\/pajareando.co\/wp-content\/uploads\/2021\/08\/la-feliciana-600x497.png 600w\" sizes=\"auto, (max-width: 1674px) 100vw, 1674px\" \/>                        <\/div>\n<\/div>\t\t<\/div>\n\t<\/div>\n<\/div><\/div>[\/vc_column][\/vc_row][vc_row row_content_width=&#8221;grid&#8221; css=&#8221;.vc_custom_1629234611862{padding-top: 30px !important;background-position: center !important;background-repeat: no-repeat !important;background-size: cover !important;}&#8221;][vc_column]<div class=\"mkdf-elements-holder   mkdf-two-columns  mkdf-responsive-mode-1024 mkdf-one-column-alignment-right\" ><div class=\"mkdf-eh-item    \"  data-item-class=\"mkdf-eh-custom-6925\" data-1400-1600=\"0 0 0 0\" data-1025-1399=\"0 0 0 0\" data-769-1024=\"68px 0 0 0\" data-681-768=\"68px 0 0 0\" data-680=\"68px 0 0 0\">\n\t<div class=\"mkdf-eh-item-inner\">\n\t\t<div class=\"mkdf-eh-item-content mkdf-eh-custom-6925\" style=\"padding: 0 0 0 0\">\n\t\t\t<div class=\"mkdf-single-image-holder   \">\n    <div class=\"mkdf-si-inner\" >\n                                    <img loading=\"lazy\" decoding=\"async\" width=\"1674\" height=\"1388\" src=\"https:\/\/pajareando.co\/wp-content\/uploads\/2021\/08\/mucura.png\" class=\"attachment-full size-full\" alt=\"\" srcset=\"https:\/\/pajareando.co\/wp-content\/uploads\/2021\/08\/mucura.png 1674w, https:\/\/pajareando.co\/wp-content\/uploads\/2021\/08\/mucura-300x249.png 300w, https:\/\/pajareando.co\/wp-content\/uploads\/2021\/08\/mucura-1024x849.png 1024w, https:\/\/pajareando.co\/wp-content\/uploads\/2021\/08\/mucura-768x637.png 768w, https:\/\/pajareando.co\/wp-content\/uploads\/2021\/08\/mucura-1536x1274.png 1536w, https:\/\/pajareando.co\/wp-content\/uploads\/2021\/08\/mucura-600x497.png 600w\" sizes=\"auto, (max-width: 1674px) 100vw, 1674px\" \/>                        <\/div>\n<\/div>\t\t<\/div>\n\t<\/div>\n<\/div><div class=\"mkdf-eh-item    \"  data-item-class=\"mkdf-eh-custom-2049\" data-1400-1600=\"0 40px 0 0\" data-1025-1399=\"0 40px 0 0\" data-769-1024=\"0 17% 0 0\" data-681-768=\"0 32% 0 0\">\n\t<div class=\"mkdf-eh-item-inner\">\n\t\t<div class=\"mkdf-eh-item-content mkdf-eh-custom-2049\" style=\"padding: 0 70px 0 0\">\n\t\t\t<div class=\"mkdf-section-title-holder  \" style=\"text-align: left\">\n\t<div class=\"mkdf-st-inner\">\n\t\t\t\t\t\t\t<h3 class=\"mkdf-st-title\" >\n                            La M\u00facura            \t\t\t<\/h3>\n\t\t\t\t\t\t\t<p class=\"mkdf-st-text \" style=\"font-size: 18px;line-height: 26px\">\n            \t            Se dice que en la monta\u00f1a La M\u00facura vive una abuelita que todo el mundo que la ha conocido manifiestan que es una persona de avanzada edad, y que hoy en d\u00eda tiene m\u00e1s de 100 a\u00f1os.<br \/>\nEsta historia comienza en una feria de exposici\u00f3n de ganado que hicieron en el municipio de Arboledas en donde cada campesino tra\u00eda los ejemplares m\u00e1s bonitos, m\u00e1s grandes, m\u00e1s vistosos ...            \t\t\t<\/p>\n\t\t\t\t\t\t\t<div class=\"mkdf-st-button\"><a itemprop=\"url\" href=\"https:\/\/pajareando.co\/index.php\/la-mucura\/\" target=\"_self\"  class=\"mkdf-btn mkdf-btn-medium mkdf-btn-solid mkdf-btn-svg-icon\"  >    <span class=\"mkdf-btn-text\">Leer m\u00e1s<\/span>\t\t\t<svg version=\"1.1\" id=\"Layer_1\" xmlns=\"http:\/\/www.w3.org\/2000\/svg\" xmlns:xlink=\"http:\/\/www.w3.org\/1999\/xlink\" x=\"0px\" y=\"0px\"\t\t     viewBox=\"0 0 17 17\" style=\"enable-background:new 0 0 17 17;\" xml:space=\"preserve\">\t\t\t<g>\t\t\t\t<path d=\"M15,1.9\"\/>\t\t\t\t<line x1=\"1.7\" y1=\"15.3\" x2=\"15\" y2=\"1.9\"\/>\t\t\t\t<line x1=\"16\" y1=\"1.9\" x2=\"15\" y2=\"1.9\"\/>\t\t\t\t<line x1=\"15\" y1=\"1.9\" x2=\"1\" y2=\"1.9\"\/>\t\t\t\t<path d=\"M15,1.9\"\/>\t\t\t\t<line x1=\"15\" y1=\"16\" x2=\"15\" y2=\"1.9\"\/>\t\t\t<\/g><\/svg>\t\t<svg version=\"1.1\" id=\"Layer_1\" xmlns=\"http:\/\/www.w3.org\/2000\/svg\" xmlns:xlink=\"http:\/\/www.w3.org\/1999\/xlink\" x=\"0px\" y=\"0px\"\t\t     viewBox=\"0 0 17 17\" style=\"enable-background:new 0 0 17 17;\" xml:space=\"preserve\">\t\t\t<g>\t\t\t\t<path d=\"M15,1.9\"\/>\t\t\t\t<line x1=\"1.7\" y1=\"15.3\" x2=\"15\" y2=\"1.9\"\/>\t\t\t\t<line  x1=\"16\" y1=\"1.9\" x2=\"15\" y2=\"1.9\"\/>\t\t\t\t<line x1=\"15\" y1=\"1.9\" x2=\"1\" y2=\"1.9\"\/>\t\t\t\t<path d=\"M15,1.9\"\/>\t\t\t\t<line x1=\"15\" y1=\"16\" x2=\"15\" y2=\"1.9\"\/>\t\t\t<\/g><\/svg>\t<\/a><\/div>\n\t\t\t<\/div>\n<\/div>\t\t<\/div>\n\t<\/div>\n<\/div><\/div>[\/vc_column][\/vc_row][vc_row][vc_column][vc_empty_space height=&#8221;70px&#8221;][\/vc_column][\/vc_row][vc_row][vc_column width=&#8221;1\/2&#8243;]<div class=\"mkdf-elements-holder   mkdf-one-column  mkdf-responsive-mode-768 mkdf-one-column-alignment-center\" ><div class=\"mkdf-eh-item   mkdf-horizontal-alignment-center \"  data-item-class=\"mkdf-eh-custom-5763\">\n\t<div class=\"mkdf-eh-item-inner\">\n\t\t<div class=\"mkdf-eh-item-content mkdf-eh-custom-5763\" >\n\t\t\t<a itemprop=\"url\" href=\"https:\/\/pajareando.co\/index.php\/aventuras\/\" target=\"_self\" style=\"margin: left\" class=\"mkdf-btn mkdf-btn-medium mkdf-btn-solid\"  >\n    <span class=\"mkdf-btn-text\">Anterior<\/span>\n\t\t\t\t\t\t<\/a>\t\t<\/div>\n\t<\/div>\n<\/div><\/div>[\/vc_column][vc_column width=&#8221;1\/2&#8243;]<div class=\"mkdf-elements-holder   mkdf-one-column  mkdf-responsive-mode-768 mkdf-one-column-alignment-center\" ><div class=\"mkdf-eh-item   mkdf-horizontal-alignment-center \"  data-item-class=\"mkdf-eh-custom-9238\">\n\t<div class=\"mkdf-eh-item-inner\">\n\t\t<div class=\"mkdf-eh-item-content mkdf-eh-custom-9238\" >\n\t\t\t<a itemprop=\"url\" href=\"https:\/\/pajareando.co\/index.php\/mitos-y-leyendas-2\/\" target=\"_self\" style=\"margin: right\" class=\"mkdf-btn mkdf-btn-medium mkdf-btn-solid\"  >\n    <span class=\"mkdf-btn-text\">Siguiente<\/span>\n\t\t\t\t\t\t<\/a>\t\t<\/div>\n\t<\/div>\n<\/div><\/div>[\/vc_column][\/vc_row][vc_row][vc_column][vc_empty_space height=&#8221;80px&#8221;][\/vc_column][\/vc_row]<\/p>\n","protected":false},"excerpt":{"rendered":"<p>[vc_row row_content_width=&#8221;grid&#8221; css=&#8221;.vc_custom_1629233572118{padding-top: 40px !important;padding-bottom: 15px !important;}&#8221;][vc_column offset=&#8221;vc_col-lg-offset-3 vc_col-lg-6 vc_col-md-offset-2 vc_col-md-8&#8243;][\/vc_column][\/vc_row][vc_row row_content_width=&#8221;grid&#8221; css=&#8221;.vc_custom_1571404247973{padding-top: 30px !important;background-position: center !important;background-repeat: no-repeat !important;background-size: cover !important;}&#8221;][vc_column][\/vc_column][\/vc_row][vc_row row_content_width=&#8221;grid&#8221; css=&#8221;.vc_custom_1629234611862{padding-top: 30px !important;background-position: center !important;background-repeat: no-repeat !important;background-size: cover !important;}&#8221;][vc_column][\/vc_column][\/vc_row][vc_row][vc_column][vc_empty_space height=&#8221;70px&#8221;][\/vc_column][\/vc_row][vc_row][vc_column width=&#8221;1\/2&#8243;][\/vc_column][vc_column width=&#8221;1\/2&#8243;][\/vc_column][\/vc_row][vc_row][vc_column][vc_empty_space height=&#8221;80px&#8221;][\/vc_column][\/vc_row]<\/p>\n","protected":false},"author":1,"featured_media":0,"parent":0,"menu_order":0,"comment_status":"closed","ping_status":"closed","template":"full-width.php","meta":{"_monsterinsights_skip_tracking":false,"_monsterinsights_sitenote_active":false,"_monsterinsights_sitenote_note":"","_monsterinsights_sitenote_category":0,"footnotes":""},"categories":[],"tags":[],"class_list":["post-4679","page","type-page","status-publish","hentry"],"aioseo_notices":[],"_links":{"self":[{"href":"https:\/\/pajareando.co\/index.php\/wp-json\/wp\/v2\/pages\/4679","targetHints":{"allow":["GET"]}}],"collection":[{"href":"https:\/\/pajareando.co\/index.php\/wp-json\/wp\/v2\/pages"}],"about":[{"href":"https:\/\/pajareando.co\/index.php\/wp-json\/wp\/v2\/types\/page"}],"author":[{"embeddable":true,"href":"https:\/\/pajareando.co\/index.php\/wp-json\/wp\/v2\/users\/1"}],"replies":[{"embeddable":true,"href":"https:\/\/pajareando.co\/index.php\/wp-json\/wp\/v2\/comments?post=4679"}],"version-history":[{"count":14,"href":"https:\/\/pajareando.co\/index.php\/wp-json\/wp\/v2\/pages\/4679\/revisions"}],"predecessor-version":[{"id":4905,"href":"https:\/\/pajareando.co\/index.php\/wp-json\/wp\/v2\/pages\/4679\/revisions\/4905"}],"wp:attachment":[{"href":"https:\/\/pajareando.co\/index.php\/wp-json\/wp\/v2\/media?parent=4679"}],"wp:term":[{"taxonomy":"category","embeddable":true,"href":"https:\/\/pajareando.co\/index.php\/wp-json\/wp\/v2\/categories?post=4679"},{"taxonomy":"post_tag","embeddable":true,"href":"https:\/\/pajareando.co\/index.php\/wp-json\/wp\/v2\/tags?post=4679"}],"curies":[{"name":"wp","href":"https:\/\/api.w.org\/{rel}","templated":true}]}}