{"id":4682,"date":"2021-08-19T15:38:18","date_gmt":"2021-08-19T20:38:18","guid":{"rendered":"https:\/\/pajareando.co\/?page_id=4682"},"modified":"2021-08-30T16:43:28","modified_gmt":"2021-08-30T21:43:28","slug":"feliciana","status":"publish","type":"page","link":"https:\/\/pajareando.co\/index.php\/feliciana\/","title":{"rendered":"La Feliciana"},"content":{"rendered":"<p>[vc_row][vc_column width=&#8221;1\/2&#8243;][vc_empty_space height=&#8221;20px&#8221;][vc_column_text]La historia de <strong><span style=\"color: #339966;\">la Feliciana <\/span><\/strong>se basa en una historia real, dicen quienes vivieron en la zona, que en un recodo que tiene el r\u00edo Arboledas donde a lo\u00a0 largo de muchos a\u00f1os se ha formado un ca\u00f1\u00f3n en medio de unas rocas que este ha socavado, ah\u00ed donde llega el r\u00edo y rompe la roca se fue creando una especie de canal, y por si fuera poco tambi\u00e9n pega de frente contra una monta\u00f1a y ha hecho una especie de desgaste c\u00f3ncavo, donde se ven las ra\u00edces de los \u00e1rboles de la parte alta y algunas llegan hasta el agua, es un entorno bastante misterioso y ex\u00f3tico, donde el agua del r\u00edo llega y da la vuelta, movimiento que los lugare\u00f1os llaman remolinos, es aqu\u00ed donde se encuentra un pozo muy profundo de agua cristalina.<\/p>\n<p>En esa zona tambi\u00e9n hay una cueva y esa cueva conecta con otra que queda como a 500 metros que se llama <strong><span style=\"color: #339966;\">Los Buitrones de Agua Blanca<\/span><\/strong>.<\/p>\n<p>Resulta que ah\u00ed viv\u00eda una se\u00f1ora con una hija joven muy bonita, a qui\u00e9n enviaba a lavar la ropa a la orilla del r\u00edo porque all\u00ed se encuentra una piedra grande que facilitaba esta labor, ella llegaba frecuentemente con la ropa en su balde y empezaba a lavar, pero un d\u00eda la hija que se llamaba Feliciana lleg\u00f3 a su casa con la ropa lavada, pero tambi\u00e9n con una sarta de pescados:<\/p>\n<p>La mam\u00e1 le pregunt\u00f3: Feliciana \u00bfa qu\u00e9 horas le qued\u00f3 tiempo para pescar?<\/p>\n<p>A lo que Feliciana respondi\u00f3: no mam\u00e1 es que iba pasando un pescador y me regal\u00f3 estos pescados<\/p>\n<p>La mam\u00e1 de Feliciana un poco extra\u00f1ada, pero tambi\u00e9n consciente pens\u00f3 que eso pudo pasar porque en esa zona del r\u00edo la gente va con su atarraya y pesca con cierta regularidad, por lo que dej\u00f3 pasar por alto dicha situaci\u00f3n.<\/p>\n<p>&nbsp;<\/p>\n<p>A la semana siguiente Feliciana fue al r\u00edo nuevamente a lavar y cuando regres\u00f3 a casa volvi\u00f3 con otra sarta de pescados y la mam\u00e1 ya estaba sospechando y pensando que Feliciana ten\u00eda novio, -Feliciana anda en otro cuento voy a ponerle cuidado, voy a\u00a0 espiarla a ver qu\u00e9 es lo que pasa, a ver qui\u00e9n es el que le regala los pescado, de pronto est\u00e1 coqueteando con Feliciana- bueno sucedi\u00f3 as\u00ed, a la semana siguiente\u00a0 Feliciana vuelve al r\u00edo, pero la mam\u00e1 empieza a seguirla, entonces Feliciana lleg\u00f3 al r\u00edo a lavar la ropa, y la\u00a0 mam\u00e1 decide seguirla hasta un puente que todav\u00eda existe, desde donde pod\u00eda observar a Feliciana y el pozo grande; la mam\u00e1 espera y espera y pasaba el tiempo pero no pasaba nada,\u00a0 hasta que por fin escucha los sonidos de la atarraya con la que\u00a0 pescan, y pod\u00eda ver subiendo al pescador.\u00a0 la mam\u00e1 lleg\u00f3 y dijo para sus adentros:\u00a0 -bueno ahora si voy a conocer cu\u00e1l ser\u00e1 el personaje que anda coqueteando con mi hija- y ella se ocult\u00f3 entre unas ramas y miraba, cuando vio que Feliciana cambi\u00f3 de actitud, ya sab\u00eda que ven\u00eda el pescador y dej\u00f3 de lavar y se adentra en el pozo para saludar al caballero.<\/p>\n<p>Pero la mam\u00e1 segu\u00eda esperando que apareciera el hombre, cuando la mam\u00e1 ve que empieza a emerger del pozo una serpiente muy grande, y la serpiente se levanta, y Feliciana iba como hipnotizada hacia la serpiente, entonces la mam\u00e1 le grit\u00f3<strong>\u00a1Cuidado Feliciana!<\/strong> Feliciana voltea a mirar a su mam\u00e1 que estaba en la parte alta del puente, entonces la serpiente la abraza, la enrolla y la sumerge en el fondo del pozo, donde es la entrada a una caverna.<\/p>\n<p>&nbsp;<\/p>\n<p>Dicen los campesinos que Feliciana desapareci\u00f3, otras manifiestan que se ahog\u00f3, pero nunca encontraron su cuerpo, y tambi\u00e9n se dice que este pozo est\u00e1 encantado y que la serpiente es un esp\u00edritu que vive en el fondo de la caverna, lugar en donde permanece viva y cautiva Feliciana.[\/vc_column_text][\/vc_column][vc_column width=&#8221;1\/2&#8243;][vc_empty_space height=&#8221;20px&#8221;][vc_single_image image=&#8221;4841&#8243; img_size=&#8221;large&#8221; alignment=&#8221;center&#8221;][vc_empty_space height=&#8221;90px&#8221;][vc_single_image image=&#8221;4890&#8243; img_size=&#8221;large&#8221; alignment=&#8221;center&#8221;][\/vc_column][\/vc_row][vc_row][vc_column][vc_empty_space height=&#8221;30px&#8221;][\/vc_column][\/vc_row]<\/p>\n","protected":false},"excerpt":{"rendered":"<p>[vc_row][vc_column width=&#8221;1\/2&#8243;][vc_empty_space height=&#8221;20px&#8221;][vc_column_text]La historia de la Feliciana se basa en una historia real, dicen quienes vivieron en la zona, que en un recodo que tiene el r\u00edo Arboledas donde a lo\u00a0 largo de muchos a\u00f1os se ha formado un ca\u00f1\u00f3n en medio de unas rocas que [&hellip;]<\/p>\n","protected":false},"author":1,"featured_media":0,"parent":0,"menu_order":0,"comment_status":"closed","ping_status":"closed","template":"","meta":{"_monsterinsights_skip_tracking":false,"_monsterinsights_sitenote_active":false,"_monsterinsights_sitenote_note":"","_monsterinsights_sitenote_category":0,"footnotes":""},"categories":[],"tags":[],"class_list":["post-4682","page","type-page","status-publish","hentry"],"aioseo_notices":[],"_links":{"self":[{"href":"https:\/\/pajareando.co\/index.php\/wp-json\/wp\/v2\/pages\/4682","targetHints":{"allow":["GET"]}}],"collection":[{"href":"https:\/\/pajareando.co\/index.php\/wp-json\/wp\/v2\/pages"}],"about":[{"href":"https:\/\/pajareando.co\/index.php\/wp-json\/wp\/v2\/types\/page"}],"author":[{"embeddable":true,"href":"https:\/\/pajareando.co\/index.php\/wp-json\/wp\/v2\/users\/1"}],"replies":[{"embeddable":true,"href":"https:\/\/pajareando.co\/index.php\/wp-json\/wp\/v2\/comments?post=4682"}],"version-history":[{"count":10,"href":"https:\/\/pajareando.co\/index.php\/wp-json\/wp\/v2\/pages\/4682\/revisions"}],"predecessor-version":[{"id":4891,"href":"https:\/\/pajareando.co\/index.php\/wp-json\/wp\/v2\/pages\/4682\/revisions\/4891"}],"wp:attachment":[{"href":"https:\/\/pajareando.co\/index.php\/wp-json\/wp\/v2\/media?parent=4682"}],"wp:term":[{"taxonomy":"category","embeddable":true,"href":"https:\/\/pajareando.co\/index.php\/wp-json\/wp\/v2\/categories?post=4682"},{"taxonomy":"post_tag","embeddable":true,"href":"https:\/\/pajareando.co\/index.php\/wp-json\/wp\/v2\/tags?post=4682"}],"curies":[{"name":"wp","href":"https:\/\/api.w.org\/{rel}","templated":true}]}}