{"id":4826,"date":"2021-08-24T14:28:15","date_gmt":"2021-08-24T19:28:15","guid":{"rendered":"https:\/\/pajareando.co\/?page_id=4826"},"modified":"2021-08-30T16:27:45","modified_gmt":"2021-08-30T21:27:45","slug":"chicagua","status":"publish","type":"page","link":"https:\/\/pajareando.co\/index.php\/chicagua\/","title":{"rendered":"Chicagu\u00e1"},"content":{"rendered":"<p>[vc_row][vc_column width=&#8221;1\/2&#8243;][vc_empty_space height=&#8221;20px&#8221;][vc_column_text]Dentro de la cosmolog\u00eda ind\u00edgena nuestramericana, existen varias historias acerca de la creaci\u00f3n en todos sus \u00e1mbitos.<\/p>\n<p>La quebrada Mon\u00e1r en el municipio de Arboledas es la protagonista de esta historia, la verdad es un caso muy particular hablar de su origen, ella nace en el p\u00e1ramo de Santurb\u00e1n y en su recorrido forma cuatro bellas cascadas en su descenso hasta el casco urbano de Arboledas, de ella se hace la captaci\u00f3n del agua para el acueducto del mismo municipio, asimismo, se acomoda de tal manera que se convierte en unos espl\u00e9ndidos pozos donde las personas pueden ba\u00f1arse en aguas frescas, gracias a su vegetaci\u00f3n tiene una\u00a0 capacidad de recuperaci\u00f3n muy grande, es decir que muchas veces cuando llueve fuerte, ella a pesar de enturbiarse logra al d\u00eda siguiente ser clara y cristalina una vez m\u00e1s.<\/p>\n<p>Pero aqu\u00ed comienza la historia, resulta que\u00a0 justamente cuando llegaron los espa\u00f1oles y se hicieron los primeros\u00a0 asentamientos hab\u00eda una espa\u00f1ola que viv\u00eda con los primeros encomenderos que comenzaron agrupar las tribus de los ind\u00edgenas y empezar asentarse en el lugar, resulta que entre las 7 tribus hab\u00eda una llamada los\u00a0 Chicaguaos quienes ten\u00edan un dialecto diferente, eran tribus de cazadores descendientes de los Caribes y las tribus del valle era descendientes de los\u00a0 Chitareros que eran agricultores y entonces ellos ten\u00edan una relaci\u00f3n comercial los\u00a0 Chicaguaos que se dedicaban a la caza y viv\u00edan ah\u00ed en el bosque &#8211; de hecho hoy este lugar es conocido como la vereda Chicagu\u00e1 que todav\u00eda conserva una buena vegetaci\u00f3n y se encuentra animales salvajes &#8211; bueno en esa \u00e9poca los Chicaguaos tambi\u00e9n enviaban un\u00a0 emisario para que llevara la carne de la caza y la intercambiara por\u00a0 productos agr\u00edcolas que ten\u00edan las tribus del valle &#8211; actualmente ese recorrido se hace\u00a0 en 30 minutos, pero en esa \u00e9poca era un camino y pues le tomaba un tiempo al ind\u00edgena que elaboraba el trueque llevar la carga puesto que era pesada, aparte deb\u00eda descargar y subir los productos agr\u00edcolas que se daban en el intercambio como el ma\u00edz, es importante mencionar que este grano es de origen americano y pr\u00e1cticamente creci\u00f3 a la par con los ind\u00edgenas, a esta persona le pusieron de nombre Eliseo\u00a0 para poderlo identificar en el valle pero \u00e9l ten\u00eda su propio nombre en la tribu, Eliseo era fuerte, alto, para la\u00a0 media de ellos un tipo fortach\u00f3n.<\/p>\n<p>\u00c9l iba cada 15 d\u00edas al municipio, al valle para hacer el intercambio, en esas idas el hombre vio una mujer muy diferente, llamativa y pues en esa \u00e9poca ya hab\u00edan hecho los espa\u00f1oles su capilla doctrinera que era donde les ense\u00f1aban a los ind\u00edgenas el idioma y pues le transmit\u00edan los temas de religi\u00f3n. Bueno resulta que Eliseo lleg\u00f3 a la plaza donde hasta ahora empezaban los primeros boh\u00edos ind\u00edgenas y en una\u00a0 de esas ve que sale una mujer espigada blanca diferente a ellos, se qued\u00f3 vi\u00e9ndola y pues le llam\u00f3 mucho la atenci\u00f3n, ella tambi\u00e9n logr\u00f3 verlo as\u00ed no m\u00e1s, de paso, pues entr\u00f3 a la casa de su padre que era uno de los de los\u00a0 encomenderos que estaban a cargo de toda la poblaci\u00f3n y de la econom\u00eda del municipio desde su fundaci\u00f3n, luego de eso Eliseo se regres\u00f3 con su carga de ma\u00edz, pensando tambi\u00e9n en aquella hermosa mujer, que le gustar\u00eda ver de nuevo.<\/p>\n<p>Dicen que el tiempo se le pas\u00f3 super r\u00e1pido y efectivamente cuando pasaron los 15 d\u00edas agarr\u00f3 su canasta de bejuco en la que llevaba sus productos y acelerando el paso lleg\u00f3 a la plaza del pueblo y empez\u00f3 a mirar por todos en busca de aquella bella dama y cuando efectivamente la vio Eliseo se le acerc\u00f3 y le pareci\u00f3 deslumbrante tanto que qued\u00f3 flechado.<\/p>\n<p>Eliseo sin embargo no fue capaz de pronunciar ninguna palabra a pesar de que quer\u00eda saludarla, pero la vio muy bien y pues si antes la hab\u00eda visto as\u00ed de paso ahora si qued\u00f3 totalmente enamorado y Eliseo se fue feliz para lo alto de Chicagu\u00e1 donde estaba su tribu y se qued\u00f3 pensando: yo me quiero casar con esa mujer,\u00a0 voy a decirle que no he podido dormir, que he pensado en ella todo el tiempo y que deseo sea mi esposa.<\/p>\n<p>Paso de nuevo el tiempo y Eliseo otra vez regres\u00f3 al pueblo e inmediatamente empez\u00f3 a buscarla entre la gente, ella estaba saliendo de la iglesia y lleg\u00f3 hasta la plaza, Eliseo lleno de \u00e1nimo se acerc\u00f3 a ella y le iba a hablar y no pudo se qued\u00f3 en silencio, pero ella se qued\u00f3 mir\u00e1ndolo, tanto que pens\u00f3 qu\u00e9 ind\u00edgena tan diferente, tan fuerte, bonito, pero Eliseo se acobard\u00f3 y no le dijo nada. Eliseo regresa a Chicagu\u00e1 y una vez m\u00e1s toma la decisi\u00f3n \u201cahora s\u00ed, hablar\u00e9 con ella pase lo que pase yo le voy a decir que la amo, que estoy loco, que no puedo\u00a0 vivir sin ella\u201d, 15 d\u00edas despu\u00e9s habl\u00f3 con ella y aquella bella dama lo mir\u00f3 mientras Eliseo le confes\u00f3 su amor, su encanto y le manifest\u00f3 que no pod\u00eda dormir y que deseaba fuera su esposa, ella le dijo a Eliseo \u201custed me\u00a0 parece un hombre muy apuesto, muy fuerte, pero me acabo de comprometer\u201d.<\/p>\n<p>A Eliseo se le derrumb\u00f3 el mundo,\u00a0 no hallaba que hacer, quedo muy triste, que lo \u00fanico que hizo fue bajar la cabeza y arranc\u00f3 todo cabizbajo, empez\u00f3 a subir hasta llegar a su vereda y se\u00a0 sent\u00f3 en una piedra y se qued\u00f3 all\u00e1, no com\u00eda, ni nada y fueron los ind\u00edgenas a\u00a0 buscarlo para saber qu\u00e9 hab\u00eda pasado y Eliseo estaba llorando y pasaron los d\u00edas y los d\u00edas y \u00e9l no quer\u00eda nada y cuando fueron resulta que de las l\u00e1grimas de Eliseo se form\u00f3 una laguna y de esa laguna naci\u00f3 la quebrada Mon\u00e1r, quebrada que pasa hoy por Arboledas.[\/vc_column_text][\/vc_column][vc_column width=&#8221;1\/2&#8243;][vc_empty_space height=&#8221;20px&#8221;][vc_single_image image=&#8221;4832&#8243; img_size=&#8221;large&#8221; alignment=&#8221;center&#8221;][vc_empty_space height=&#8221;20px&#8221;][vc_single_image image=&#8221;4886&#8243; img_size=&#8221;large&#8221; alignment=&#8221;center&#8221;][vc_empty_space height=&#8221;20px&#8221;][vc_single_image image=&#8221;4830&#8243; img_size=&#8221;large&#8221; alignment=&#8221;center&#8221;][\/vc_column][\/vc_row][vc_row][vc_column][vc_empty_space height=&#8221;30px&#8221;][\/vc_column][\/vc_row]<\/p>\n","protected":false},"excerpt":{"rendered":"<p>[vc_row][vc_column width=&#8221;1\/2&#8243;][vc_empty_space height=&#8221;20px&#8221;][vc_column_text]Dentro de la cosmolog\u00eda ind\u00edgena nuestramericana, existen varias historias acerca de la creaci\u00f3n en todos sus \u00e1mbitos. La quebrada Mon\u00e1r en el municipio de Arboledas es la protagonista de esta historia, la verdad es un caso muy particular hablar de su origen, ella nace [&hellip;]<\/p>\n","protected":false},"author":1,"featured_media":0,"parent":0,"menu_order":0,"comment_status":"closed","ping_status":"closed","template":"","meta":{"_monsterinsights_skip_tracking":false,"_monsterinsights_sitenote_active":false,"_monsterinsights_sitenote_note":"","_monsterinsights_sitenote_category":0,"footnotes":""},"categories":[],"tags":[],"class_list":["post-4826","page","type-page","status-publish","hentry"],"aioseo_notices":[],"_links":{"self":[{"href":"https:\/\/pajareando.co\/index.php\/wp-json\/wp\/v2\/pages\/4826","targetHints":{"allow":["GET"]}}],"collection":[{"href":"https:\/\/pajareando.co\/index.php\/wp-json\/wp\/v2\/pages"}],"about":[{"href":"https:\/\/pajareando.co\/index.php\/wp-json\/wp\/v2\/types\/page"}],"author":[{"embeddable":true,"href":"https:\/\/pajareando.co\/index.php\/wp-json\/wp\/v2\/users\/1"}],"replies":[{"embeddable":true,"href":"https:\/\/pajareando.co\/index.php\/wp-json\/wp\/v2\/comments?post=4826"}],"version-history":[{"count":8,"href":"https:\/\/pajareando.co\/index.php\/wp-json\/wp\/v2\/pages\/4826\/revisions"}],"predecessor-version":[{"id":4889,"href":"https:\/\/pajareando.co\/index.php\/wp-json\/wp\/v2\/pages\/4826\/revisions\/4889"}],"wp:attachment":[{"href":"https:\/\/pajareando.co\/index.php\/wp-json\/wp\/v2\/media?parent=4826"}],"wp:term":[{"taxonomy":"category","embeddable":true,"href":"https:\/\/pajareando.co\/index.php\/wp-json\/wp\/v2\/categories?post=4826"},{"taxonomy":"post_tag","embeddable":true,"href":"https:\/\/pajareando.co\/index.php\/wp-json\/wp\/v2\/tags?post=4826"}],"curies":[{"name":"wp","href":"https:\/\/api.w.org\/{rel}","templated":true}]}}