{"id":5472,"date":"2022-01-26T21:02:52","date_gmt":"2022-01-27T02:02:52","guid":{"rendered":"https:\/\/pajareando.co\/?page_id=5472"},"modified":"2022-03-10T06:32:49","modified_gmt":"2022-03-10T11:32:49","slug":"avistamiento-de-aves-en-chinacota","status":"publish","type":"page","link":"https:\/\/pajareando.co\/index.php\/avistamiento-de-aves-en-chinacota\/","title":{"rendered":"AVISTAMIENTO DE AVES EN CHIN\u00c1COTA"},"content":{"rendered":"\n<div class=\"wp-block-columns is-layout-flex wp-container-core-columns-is-layout-9d6595d7 wp-block-columns-is-layout-flex\">\n<div class=\"wp-block-column is-layout-flow wp-block-column-is-layout-flow\">\n<div class=\"wp-block-columns is-layout-flex wp-container-core-columns-is-layout-9d6595d7 wp-block-columns-is-layout-flex\">\n<div class=\"wp-block-column is-layout-flow wp-block-column-is-layout-flow\" style=\"flex-basis:100%\">\n<div class=\"wp-block-columns is-layout-flex wp-container-core-columns-is-layout-9d6595d7 wp-block-columns-is-layout-flex\">\n<div class=\"wp-block-column is-layout-flow wp-block-column-is-layout-flow\" style=\"flex-basis:100%\">\n<figure class=\"wp-block-image size-full\"><img loading=\"lazy\" decoding=\"async\" width=\"691\" height=\"164\" src=\"https:\/\/pajareando.co\/wp-content\/uploads\/2022\/03\/panoramica.jpg\" alt=\"\" class=\"wp-image-5591\" srcset=\"https:\/\/pajareando.co\/wp-content\/uploads\/2022\/03\/panoramica.jpg 691w, https:\/\/pajareando.co\/wp-content\/uploads\/2022\/03\/panoramica-300x71.jpg 300w, https:\/\/pajareando.co\/wp-content\/uploads\/2022\/03\/panoramica-600x142.jpg 600w\" sizes=\"auto, (max-width: 691px) 100vw, 691px\" \/><\/figure>\n<\/div>\n<\/div>\n<\/div>\n<\/div>\n\n\n\n<ul class=\"wp-block-list\"><li>Dificultad terreno: Baja<\/li><li><strong>Altitud:<\/strong>&nbsp;1350 \u2013 1500 m<\/li><li><strong>Nivel del observador:<\/strong>&nbsp;Bajo &#8211; Medio<\/li><li><strong>Zona de Vida:<\/strong>&nbsp;Bosque Andino Bajo H\u00famedo<\/li><li><strong>Recorrido:<\/strong>&nbsp;4.00 KM<\/li><li><strong>Tiempo del recorrido:<\/strong>&nbsp;3 Horas<\/li><\/ul>\n\n\n\n<ul class=\"wp-block-list\"><li><strong>Capacidad:<\/strong>&nbsp;M\u00e1ximo 8 personas, m\u00ednimo 2.<\/li><li><strong>Hora de encuentro:<\/strong>&nbsp;6:00 am<\/li><\/ul>\n\n\n\n<p><strong>Incluye:<\/strong><\/p>\n\n\n\n<ul class=\"wp-block-list\"><li>Gu\u00eda especializado en aves<\/li><li>Desayuno <\/li><li>Almuerzo (Vegano, Vegetariano o Prote\u00edna animal)<\/li><li>Seguro<\/li><li>Derecho a uso de Binoculares especializados (8&#215;42)<\/li><li>Transporte desde C\u00facuta<\/li><\/ul>\n\n\n\n<p><\/p>\n\n\n\n<h4 class=\"wp-block-heading\" id=\"costo-200-000\"><strong>PRECIO por persona var\u00eda de acuerdo al tama\u00f1o del grupo<\/strong><\/h4>\n\n\n\n<p><\/p>\n<\/div>\n\n\n\n<div class=\"wp-block-column is-layout-flow wp-block-column-is-layout-flow\">\n<p><strong>Entre las aves que se pueden encontrar en el camino est\u00e1n:<\/strong><\/p>\n\n\n\n<ul class=\"wp-block-list\"><li><em>Tangara guttata<\/em>&nbsp;(Tangara pecosa\/Speckled Tanager)<\/li><li>Anthracotorax nigricollis (Manguito gorginegro\/Black-throated Mango)<\/li><li>Syrigma sibilatrix (Garza silbadora\/Whistling Heron)<\/li><li>Tangara cyanoptera (T\u00e1ngara Encapuchada\/Black-Headed Tanager)<\/li><\/ul>\n\n\n\n<hr class=\"wp-block-separator is-style-wide\"\/>\n\n\n\n<div class=\"wp-block-columns is-layout-flex wp-container-core-columns-is-layout-9d6595d7 wp-block-columns-is-layout-flex\">\n<div class=\"wp-block-column is-layout-flow wp-block-column-is-layout-flow\" style=\"flex-basis:100%\">\n<div class=\"alignnormal\"><div id=\"metaslider-id-5553\" style=\"width: 100%;\" class=\"ml-slider-3-27-8 metaslider metaslider-flex metaslider-5553 ml-slider\">\n    <div id=\"metaslider_container_5553\">\n        <div id=\"metaslider_5553\">\n            <ul aria-live=\"polite\" class=\"slides\">\n                <li style=\"display: block; width: 100%;\" class=\"slide-5555 ms-image\"><img loading=\"lazy\" decoding=\"async\" src=\"https:\/\/pajareando.co\/wp-content\/uploads\/2022\/03\/Garza-Silbadora-700x500.jpg\" height=\"500\" width=\"700\" alt=\"\" class=\"slider-5553 slide-5555\" title=\"Garza-Silbadora\" \/><\/li>\n                <li style=\"display: none; width: 100%;\" class=\"slide-5557 ms-image\"><img loading=\"lazy\" decoding=\"async\" src=\"https:\/\/pajareando.co\/wp-content\/uploads\/2022\/03\/Tangara-cabecirufa-700x500.jpg\" height=\"500\" width=\"700\" alt=\"\" class=\"slider-5553 slide-5557\" title=\"Tangara-cabecirufa\" \/><\/li>\n                <li style=\"display: none; width: 100%;\" class=\"slide-5559 ms-image\"><img loading=\"lazy\" decoding=\"async\" src=\"https:\/\/pajareando.co\/wp-content\/uploads\/2022\/03\/Manguito-gorginegro-700x500.jpg\" height=\"500\" width=\"700\" alt=\"\" class=\"slider-5553 slide-5559\" title=\"Manguito-gorginegro\" \/><\/li>\n                <li style=\"display: none; width: 100%;\" class=\"slide-5561 ms-image\"><img loading=\"lazy\" decoding=\"async\" src=\"https:\/\/pajareando.co\/wp-content\/uploads\/2022\/03\/Tangara-cianoptera-700x500.jpg\" height=\"500\" width=\"700\" alt=\"\" class=\"slider-5553 slide-5561\" title=\"Tangara-cianoptera\" \/><\/li>\n                <li style=\"display: none; width: 100%;\" class=\"slide-5563 ms-image\"><img loading=\"lazy\" decoding=\"async\" src=\"https:\/\/pajareando.co\/wp-content\/uploads\/2022\/03\/Tangara-Cayana-700x500.jpg\" height=\"500\" width=\"700\" alt=\"\" class=\"slider-5553 slide-5563\" title=\"Tangara-Cayana\" \/><\/li>\n                <li style=\"display: none; width: 100%;\" class=\"slide-5576 ms-image\"><img loading=\"lazy\" decoding=\"async\" src=\"https:\/\/pajareando.co\/wp-content\/uploads\/2022\/03\/Tangara-pecosa-700x500.jpg\" height=\"500\" width=\"700\" alt=\"\" class=\"slider-5553 slide-5576\" title=\"Tangara-pecosa\" \/><\/li>\n                <li style=\"display: none; width: 100%;\" class=\"slide-5578 ms-image\"><img loading=\"lazy\" decoding=\"async\" src=\"https:\/\/pajareando.co\/wp-content\/uploads\/2022\/03\/Tangara-Real-700x500.jpg\" height=\"500\" width=\"700\" alt=\"\" class=\"slider-5553 slide-5578\" title=\"Tangara-Real\" \/><\/li>\n                <li style=\"display: none; width: 100%;\" class=\"slide-5580 ms-image\"><img loading=\"lazy\" decoding=\"async\" src=\"https:\/\/pajareando.co\/wp-content\/uploads\/2022\/03\/Piranga-rubra-700x500.jpg\" height=\"500\" width=\"700\" alt=\"\" class=\"slider-5553 slide-5580\" title=\"Piranga-rubra\" \/><\/li>\n            <\/ul>\n        <\/div>\n        \n    <\/div>\n<\/div><\/div>\n<\/div>\n<\/div>\n\n\n\n<p><mark style=\"background-color:#fcb900\" class=\"has-inline-color\">Informaci\u00f3n Importante:<\/mark><\/p>\n\n\n\n<p>En cumplimiento de la legislaci\u00f3n nacional vigente, para las salidas donde las locaciones no cubran el porcentaje para excepci\u00f3n del uso de tapabocas se exigir\u00e1 el carnet f\u00edsico o certificado digital de pauta completa de vacunaci\u00f3n contra el COVID19, donde conste la aplicaci\u00f3n de las dosis suministradas.<\/p>\n\n\n\n<p>Al hacer el pago de la salida est\u00e1 aceptando los anteriores requerimientos.<\/p>\n<\/div>\n<\/div>\n","protected":false},"excerpt":{"rendered":"<p>Dificultad terreno: Baja Altitud:&nbsp;1350 \u2013 1500 m Nivel del observador:&nbsp;Bajo &#8211; Medio Zona de Vida:&nbsp;Bosque Andino Bajo H\u00famedo Recorrido:&nbsp;4.00 KM Tiempo del recorrido:&nbsp;3 Horas Capacidad:&nbsp;M\u00e1ximo 8 personas, m\u00ednimo 2. Hora de encuentro:&nbsp;6:00 am Incluye: Gu\u00eda especializado en aves Desayuno Almuerzo (Vegano, Vegetariano o Prote\u00edna animal) Seguro [&hellip;]<\/p>\n","protected":false},"author":1,"featured_media":0,"parent":0,"menu_order":0,"comment_status":"closed","ping_status":"closed","template":"","meta":{"_monsterinsights_skip_tracking":false,"_monsterinsights_sitenote_active":false,"_monsterinsights_sitenote_note":"","_monsterinsights_sitenote_category":0,"footnotes":""},"categories":[],"tags":[],"class_list":["post-5472","page","type-page","status-publish","hentry"],"aioseo_notices":[],"_links":{"self":[{"href":"https:\/\/pajareando.co\/index.php\/wp-json\/wp\/v2\/pages\/5472","targetHints":{"allow":["GET"]}}],"collection":[{"href":"https:\/\/pajareando.co\/index.php\/wp-json\/wp\/v2\/pages"}],"about":[{"href":"https:\/\/pajareando.co\/index.php\/wp-json\/wp\/v2\/types\/page"}],"author":[{"embeddable":true,"href":"https:\/\/pajareando.co\/index.php\/wp-json\/wp\/v2\/users\/1"}],"replies":[{"embeddable":true,"href":"https:\/\/pajareando.co\/index.php\/wp-json\/wp\/v2\/comments?post=5472"}],"version-history":[{"count":45,"href":"https:\/\/pajareando.co\/index.php\/wp-json\/wp\/v2\/pages\/5472\/revisions"}],"predecessor-version":[{"id":5593,"href":"https:\/\/pajareando.co\/index.php\/wp-json\/wp\/v2\/pages\/5472\/revisions\/5593"}],"wp:attachment":[{"href":"https:\/\/pajareando.co\/index.php\/wp-json\/wp\/v2\/media?parent=5472"}],"wp:term":[{"taxonomy":"category","embeddable":true,"href":"https:\/\/pajareando.co\/index.php\/wp-json\/wp\/v2\/categories?post=5472"},{"taxonomy":"post_tag","embeddable":true,"href":"https:\/\/pajareando.co\/index.php\/wp-json\/wp\/v2\/tags?post=5472"}],"curies":[{"name":"wp","href":"https:\/\/api.w.org\/{rel}","templated":true}]}}