{"id":5600,"date":"2022-06-22T09:46:57","date_gmt":"2022-06-22T14:46:57","guid":{"rendered":"https:\/\/pajareando.co\/?page_id=5600"},"modified":"2023-08-22T21:15:42","modified_gmt":"2023-08-23T02:15:42","slug":"norte-de-santander","status":"publish","type":"page","link":"https:\/\/pajareando.co\/index.php\/norte-de-santander\/","title":{"rendered":"NORTE DE SANTANDER"},"content":{"rendered":"<p>[vc_row][vc_column][vc_empty_space height=&#8221;20px&#8221;][vc_empty_space height=&#8221;20px&#8221;][vc_single_image image=&#8221;5623&#8243; img_size=&#8221;large&#8221; alignment=&#8221;center&#8221;][vc_column_text]<b>Norte de Santander<\/b>\u00a0es uno de los treinta y dos\u00a0<a title=\"Departamentos de Colombia\" href=\"https:\/\/es.wikipedia.org\/wiki\/Departamentos_de_Colombia\">departamentos<\/a>\u00a0que, junto con\u00a0<a class=\"mw-redirect\" title=\"Bogot\u00e1, Distrito Capital\" href=\"https:\/\/es.wikipedia.org\/wiki\/Bogot%C3%A1,_Distrito_Capital\">Bogot\u00e1, Distrito Capital<\/a>, forman la\u00a0<a title=\"Colombia\" href=\"https:\/\/es.wikipedia.org\/wiki\/Colombia\">Rep\u00fablica de Colombia<\/a>. Su capital es la ciudad de\u00a0<a title=\"C\u00facuta\" href=\"https:\/\/es.wikipedia.org\/wiki\/C%C3%BAcuta\">C\u00facuta<\/a>.<\/p>\n<p>Este departamento se ubica en la regi\u00f3n nororiental de Colombia. Limita al norte y al este con <a title=\"Venezuela\" href=\"https:\/\/es.wikipedia.org\/wiki\/Venezuela\">Venezuela<\/a>, al sur con los departamentos de\u00a0<a title=\"Boyac\u00e1\" href=\"https:\/\/es.wikipedia.org\/wiki\/Boyac%C3%A1\">Boyac\u00e1<\/a>\u00a0y\u00a0<a title=\"Santander (Colombia)\" href=\"https:\/\/es.wikipedia.org\/wiki\/Santander_(Colombia)\">Santander<\/a>, y al oeste con Santander y\u00a0<a class=\"mw-redirect\" title=\"Cesar (Colombia)\" href=\"https:\/\/es.wikipedia.org\/wiki\/Cesar_(Colombia)\">Cesar<\/a>.<\/p>\n<p>Debido a sus recursos naturales y su ubicaci\u00f3n geogr\u00e1fica, es un eje econ\u00f3mico y comercial del pa\u00eds, as\u00ed como tambi\u00e9n se le conoce como un gran productor rural, especialmente en el sector agr\u00edcola.[\/vc_column_text][vc_column_text]Tiene una gradiente altitudinal que va de 100 a 4.000 msnm distribuidos en dos Parques Nacionales Naturales un \u00c1rea Natural \u00danica y cinco Parques Regionales Naturales.<\/p>\n<p>En su territorio se pueden observar especies de aves que hasta la fecha est\u00e1n catalogadas s\u00f3lo para Venezuela como el Red Siskin, Spinus cucullatus, el Venezuelan troupial, Icterus icterus, el Orange-throated Sunangel, Heliangelus mavors, o el Yellow-legged Thrush, Turdus flavipes sp venezuelensis.<\/p>\n<p>En estos sitios adem\u00e1s se encuentra una especie de ave end\u00e9mica como la Chestnut-bellied Hummingbird, Saucerottia casteneiventris, m\u00e1s de diez especies casi end\u00e9micas y algunas subespecies propias de esta vertiente oriental de la cordillera oriental, como la Bay-headed tanager, Tangara gyrola sp. Toddi.<\/p>\n<p>En este territorio tambi\u00e9n se encuentran especies de aves en peligro como el Recurve-billed Bushbird, Clytoctantes alixii, Black-and-chestnut Eagle, Spizaetus isidori o el Colombian Mountain Grackle, Macroagelaius subalaris.<br \/>\nNorte de Santander es un departamento poco explorado en Aviturismo, sin embargo, cuenta con 784 especies registradas en ebird.[\/vc_column_text][vc_empty_space height=&#8221;20px&#8221;][vc_empty_space height=&#8221;20px&#8221;][\/vc_column][\/vc_row][vc_row][vc_column][vc_empty_space height=&#8221;30px&#8221;][\/vc_column][\/vc_row]<\/p>\n","protected":false},"excerpt":{"rendered":"<p>[vc_row][vc_column][vc_empty_space height=&#8221;20px&#8221;][vc_empty_space height=&#8221;20px&#8221;][vc_single_image image=&#8221;5623&#8243; img_size=&#8221;large&#8221; alignment=&#8221;center&#8221;][vc_column_text]Norte de Santander\u00a0es uno de los treinta y dos\u00a0departamentos\u00a0que, junto con\u00a0Bogot\u00e1, Distrito Capital, forman la\u00a0Rep\u00fablica de Colombia. Su capital es la ciudad de\u00a0C\u00facuta. Este departamento se ubica en la regi\u00f3n nororiental de Colombia. Limita al norte y al este con Venezuela, [&hellip;]<\/p>\n","protected":false},"author":1,"featured_media":0,"parent":0,"menu_order":0,"comment_status":"closed","ping_status":"closed","template":"","meta":{"_monsterinsights_skip_tracking":false,"_monsterinsights_sitenote_active":false,"_monsterinsights_sitenote_note":"","_monsterinsights_sitenote_category":0,"footnotes":""},"categories":[],"tags":[],"class_list":["post-5600","page","type-page","status-publish","hentry"],"aioseo_notices":[],"_links":{"self":[{"href":"https:\/\/pajareando.co\/index.php\/wp-json\/wp\/v2\/pages\/5600","targetHints":{"allow":["GET"]}}],"collection":[{"href":"https:\/\/pajareando.co\/index.php\/wp-json\/wp\/v2\/pages"}],"about":[{"href":"https:\/\/pajareando.co\/index.php\/wp-json\/wp\/v2\/types\/page"}],"author":[{"embeddable":true,"href":"https:\/\/pajareando.co\/index.php\/wp-json\/wp\/v2\/users\/1"}],"replies":[{"embeddable":true,"href":"https:\/\/pajareando.co\/index.php\/wp-json\/wp\/v2\/comments?post=5600"}],"version-history":[{"count":20,"href":"https:\/\/pajareando.co\/index.php\/wp-json\/wp\/v2\/pages\/5600\/revisions"}],"predecessor-version":[{"id":5684,"href":"https:\/\/pajareando.co\/index.php\/wp-json\/wp\/v2\/pages\/5600\/revisions\/5684"}],"wp:attachment":[{"href":"https:\/\/pajareando.co\/index.php\/wp-json\/wp\/v2\/media?parent=5600"}],"wp:term":[{"taxonomy":"category","embeddable":true,"href":"https:\/\/pajareando.co\/index.php\/wp-json\/wp\/v2\/categories?post=5600"},{"taxonomy":"post_tag","embeddable":true,"href":"https:\/\/pajareando.co\/index.php\/wp-json\/wp\/v2\/tags?post=5600"}],"curies":[{"name":"wp","href":"https:\/\/api.w.org\/{rel}","templated":true}]}}